{"id":14,"date":"2025-04-02T18:19:50","date_gmt":"2025-04-02T18:19:50","guid":{"rendered":"https:\/\/marysavondefleur.com\/?page_id=14"},"modified":"2025-06-13T14:02:41","modified_gmt":"2025-06-13T14:02:41","slug":"over-ons","status":"publish","type":"page","link":"https:\/\/marysavondefleur.com\/fr\/over-ons\/","title":{"rendered":"A propos de nous"},"content":{"rendered":"<section class=\"section dark\" id=\"section_803757339\">\n\t\t<div class=\"section-bg fill\" >\n\t\t\t<img loading=\"lazy\" decoding=\"async\" width=\"1024\" height=\"1536\" src=\"https:\/\/marysavondefleur.com\/wp-content\/uploads\/2025\/05\/over-ons-kurkuma-moringa-zeep.jpg.png\" class=\"bg attachment-1536x1536 size-1536x1536\" alt=\"Over-ons-kurkuma- en moringazeep van Mary Savon de Fleur \u2013 handgemaakt, natuurlijk en huidvriendelijk\" \/>\t\t\t\t\t\t<div class=\"section-bg-overlay absolute fill\"><\/div>\n\t\t\t\n\t<div class=\"is-border\"\n\t\tstyle=\"border-width:0px 2px 0px 0px;\">\n\t<\/div>\n\n\t\t<\/div>\n\n\t\t\n\n\t\t<div class=\"section-content relative\">\n\t\t\t\n\n<div class=\"row\"  id=\"row-2017259536\">\n\n\n\t<div id=\"col-457357411\" class=\"col small-12 large-12\"  >\n\t\t\t\t<div class=\"col-inner\"  >\n\t\t\t\n\t\t\t\n\n\t<div id=\"gap-771743850\" class=\"gap-element clearfix\" style=\"display:block; height:auto;\">\n\t\t\n<style>\n#gap-771743850 {\n  padding-top: 30px;\n}\n<\/style>\n\t<\/div>\n\t\n\n\t<div id=\"text-470767317\" class=\"text\">\n\t\t\n\n<h1 style=\"text-align: center;\">\u00c0 PROPOS DE NOUS<\/h1>\n\t\t\n<style>\n#text-470767317 {\n  font-size: 1.75rem;\n  line-height: 1.75;\n  text-align: center;\n}\n<\/style>\n\t<\/div>\n\t\n\n\t\t<\/div>\n\t\t\t\t\t<\/div>\n\n\t\n\n<\/div>\n\n\t\t<\/div>\n\n\t\t\n<style>\n#section_803757339 {\n  padding-top: 0px;\n  padding-bottom: 0px;\n  min-height: 350px;\n}\n#section_803757339 .section-bg-overlay {\n  background-color: rgba(0, 0, 0, 0.395);\n}\n#section_803757339 .section-bg img {\n  object-position: 7% 61%;\n}\n<\/style>\n\t<\/section>\n\t\n\n\t<section class=\"section\" id=\"section_1625282117\">\n\t\t<div class=\"section-bg fill\" >\n\t\t\t\t\t\t\t\t\t\n\t\t\t\n\n\t\t<\/div>\n\n\t\t\n\n\t\t<div class=\"section-content relative\">\n\t\t\t\n\n<div class=\"row\"  id=\"row-821289371\">\n\n\n\t<div id=\"col-807249589\" class=\"col small-12 large-12\"  >\n\t\t\t\t<div class=\"col-inner\"  >\n\t\t\t\n\t\t\t\n\n\t<div id=\"gap-1545368626\" class=\"gap-element clearfix\" style=\"display:block; height:auto;\">\n\t\t\n<style>\n#gap-1545368626 {\n  padding-top: 30px;\n}\n<\/style>\n\t<\/div>\n\t\n\n\t<div id=\"stack-3362962764\" class=\"stack stack-row justify-between items-stretch\">\n\t\t\n\n\t<div id=\"text-1988522938\" class=\"text\">\n\t\t\n\n<h3>Pourquoi choisir Mary Savon de Fleur ?<\/h3>\n\t\t\n<style>\n#text-1988522938 {\n  font-size: 1.7rem;\n  line-height: 0.75;\n}\n<\/style>\n\t<\/div>\n\t\n\n\t\t\n<style>\n#stack-3362962764 > * {\n  --stack-gap: 0rem;\n}\n<\/style>\n\t<\/div>\n\t\n\n\t\t<\/div>\n\t\t\t\t\t<\/div>\n\n\t\n\n<\/div>\n<div class=\"row row-large\"  id=\"row-1939720955\">\n\n\n\t<div id=\"col-2044273308\" class=\"col medium-6 small-12 large-6\"  >\n\t\t\t\t<div class=\"col-inner\"  >\n\t\t\t\n\t\t\t\n\n<h3 class=\"\" data-start=\"431\" data-end=\"468\">\ud83c\udf3f \u00c0 propos de nous \u2013 Mary Savon de Fleur<\/h3>\n<p class=\"\" data-start=\"470\" data-end=\"699\">Bienvenue \u00e0 <strong data-start=\"481\" data-end=\"504\">Mary Savon de Fleur<\/strong>, un lieu o\u00f9 soin de la peau et puret\u00e9 se rencontrent. Mon nom est <strong data-start=\"572\" data-end=\"581\">Sarah<\/strong>, et j'aimerais vous pr\u00e9senter ma savonnerie artisanale, n\u00e9e d'une histoire tr\u00e8s personnelle.<\/p>\n<p class=\"\" data-start=\"701\" data-end=\"1152\">Mon parcours n\u2019a pas commenc\u00e9 dans un laboratoire ou derri\u00e8re un r\u00eave d\u2019entrepreneur, mais dans ma salle de bain, frustr\u00e9e par mes propres probl\u00e8mes de peau. J\u2019ai lutt\u00e9 contre l\u2019acn\u00e9 hormonale pendant des ann\u00e9es et je me sentais impuissante. Aucune cr\u00e8me ou pommade n\u2019a vraiment aid\u00e9. Jusqu\u2019\u00e0 ce que je passe aux soins naturels. Sous la direction de mon fr\u00e8re, m\u00e9decin g\u00e9n\u00e9raliste sp\u00e9cialis\u00e9 en m\u00e9decine fonctionnelle, j'ai d\u00e9couvert le pouvoir de la nutrition, des herbes et des ingr\u00e9dients purs.<\/p>\n<p class=\"\" data-start=\"1154\" data-end=\"1544\">Au cours de cette recherche, j'ai remarqu\u00e9 combien de produits de soins courants sont remplis de substances synth\u00e9tiques : parfums, colorants, conservateurs et agents moussants tels que le SLS. Des ingr\u00e9dients qui peuvent non seulement irriter la peau, mais \u00e9galement perturber son \u00e9quilibre naturel. Pour une personne ayant une peau sensible ou \u00e0 probl\u00e8mes, ces ingr\u00e9dients peuvent en fait aggraver le probl\u00e8me.<\/p>\n<p class=\"\" data-start=\"1546\" data-end=\"1918\">C'est \u00e0 ce moment-l\u00e0 que j'ai pens\u00e9 : <strong data-start=\"1591\" data-end=\"1611\">\u00e7a doit \u00eatre diff\u00e9rent<\/strong><br data-start=\"1611\" data-end=\"1614\" \/>J'ai commenc\u00e9 \u00e0 exp\u00e9rimenter avec des huiles, des argiles, des extraits botaniques et des beurres naturels. Pas de formules compliqu\u00e9es, pas d\u2019additifs synth\u00e9tiques \u2014 juste des savons doux et bienfaisants qui font vraiment quelque chose pour votre peau. Ce qui a commenc\u00e9 comme un projet personnel s'est lentement transform\u00e9 en <strong data-start=\"1894\" data-end=\"1917\">Mary Savon de Fleur<\/strong>.<\/p>\n<p class=\"\" data-start=\"1920\" data-end=\"2475\">Je suis int\u00e9ress\u00e9e par l'exp\u00e9rimentation avec les huiles, les argiles, les extras botaniques et les beurres naturels. Pas de formules compliqu\u00e9es, pas d'additifs synth\u00e9tiques \u2014 juste des savons doux et bienfaisants qui font vraiment quelque chose pour votre peau. This is a commenc\u00e9 comme un project personnel s'est springment transform\u00e9 en <a class=\"\" href=\"https:\/\/marysavondefleur.com\/fr\/boutique\/\" rel=\"noopener\" data-start=\"2084\" data-end=\"2120\">argile rouge, spiruline<\/a>, <a class=\"\" href=\"https:\/\/marysavondefleur.com\/fr\/boutique\/\" rel=\"noopener\" data-start=\"2122\" data-end=\"2156\">calendula, moringa <\/a>et bien d'autres, chacun avec ses propres propri\u00e9t\u00e9s uniques et con\u00e7u pour une peau douce et saine. Sans parfums artificiels, sans parab\u00e8nes, sans d\u00e9chets. Tout ce que nous utilisons se trouve dans la nature \u2014 et sur notre <a class=\"\" href=\"#ingredi%C3%ABnten\" rel=\"noopener\" data-start=\"2401\" data-end=\"2436\">page des ingr\u00e9dients<\/a> Nous vous expliquerons tout honn\u00eatement.<\/p>\n<p class=\"\" data-start=\"2477\" data-end=\"2720\">Nos savons sont saponifi\u00e9s \u00e0 froid, ce qui signifie que les propri\u00e9t\u00e9s nourrissantes des huiles et des beurres sont conserv\u00e9es. Cela les rend non seulement plus doux pour votre peau, mais \u00e9galement meilleurs pour l\u2019environnement. M\u00eame notre conservateur est d\u2019origine v\u00e9g\u00e9tale et doux.<\/p>\n\n\t\t<\/div>\n\t\t\t\t\t<\/div>\n\n\t\n\n\t<div id=\"col-97290321\" class=\"col medium-6 small-12 large-6\"  >\n\t\t\t\t<div class=\"col-inner\"  >\n\t\t\t\n\t\t\t\n\n<h3 data-pm-slice=\"1 1 &#091;&#093;\">Notre philosophie<\/h3>\n<p class=\"\" data-start=\"2722\" data-end=\"3035\">\ud83d\udc9a <strong data-start=\"2725\" data-end=\"2748\">Waar wij voor staan<\/strong><br data-start=\"2748\" data-end=\"2751\" \/>Chez Mary Savon de Fleur, nous pensons que les soins de la peau ne doivent pas \u00eatre compliqu\u00e9s. La nature nous offre tout ce dont nous avons besoin : des plantes apaisantes, des huiles nourrissantes et des beurres doux. Nos produits sont 100% naturels, biologiques dans la mesure du possible et exempts d'additifs inutiles.<\/p>\n<p class=\"\" data-start=\"3037\" data-end=\"3240\">Nous savons qu\u2019une v\u00e9ritable am\u00e9lioration de la peau prend du temps. Mais ceux qui optent pour la douceur et la consistance verront la diff\u00e9rence \u00e0 long terme : une peau apais\u00e9e, nourrie et \u00e9clatante \u2014 sans effets secondaires nocifs.<\/p>\n<p class=\"\" data-start=\"3242\" data-end=\"3442\">Notre mission est simple : <strong data-start=\"3265\" data-end=\"3307\">fournir des soins purs et sans secrets<\/strong>, honn\u00eate envers vous et envers la nature. Nous travaillons volontairement \u00e0 petite \u00e9chelle afin de pouvoir fabriquer chaque produit avec soin, du d\u00e9but \u00e0 la fin.<\/p>\n<p class=\"\" data-start=\"3444\" data-end=\"3629\">Vous souhaitez en savoir plus sur nos produits ou notre histoire ?<br data-start=\"3500\" data-end=\"3503\" \/>N'h\u00e9sitez pas \u00e0 lire notre <a class=\"\" href=\"https:\/\/marysavondefleur.com\/fr\/faq\/\" rel=\"noopener\" data-start=\"3520\" data-end=\"3547\">questions fr\u00e9quemment pos\u00e9es<\/a> ou d\u00e9couvrez notre <a class=\"\" href=\"https:\/\/marysavondefleur.com\/fr\/blog\/\" rel=\"noopener\" data-start=\"3563\" data-end=\"3576\">blog<\/a> o\u00f9 nous mettons en avant des astuces, des rituels et des ingr\u00e9dients.<\/p>\n<p class=\"\" data-start=\"3631\" data-end=\"3843\">Et vous voulez vraiment mieux nous conna\u00eetre ?<br data-start=\"3669\" data-end=\"3672\" \/>Alors jetez un oeil \u00e0 notre <a href=\"https:\/\/www.tiktok.com\/@marysavondefleur\" target=\"_new\" rel=\"noopener\" data-start=\"3703\" data-end=\"3748\">TikTok<\/a> ou notre <a href=\"https:\/\/www.instagram.com\/marysavondefleur\/\" target=\"_blank\" rel=\"noopener\">instagram<\/a> o\u00f9 vous trouverez des vid\u00e9os du processus de fabrication, des ingr\u00e9dients et de l'amour derri\u00e8re chaque morceau de savon.<\/p>\n<p class=\"\" data-start=\"3845\" data-end=\"4008\">Merci d'\u00eatre ici. \ud83d\udc9b<br data-start=\"3875\" data-end=\"3878\" \/>Que vous souffriez d'une peau sensible, que vous souhaitiez vivre plus consciemment ou simplement profiter de la simplicit\u00e9 : vous \u00eates les bienvenus chez Mary Savon de Fleur.<\/p>\n<a href=\"\/fr\/boutique\/\" class=\"button secondary\" style=\"border-radius:5px;\">\n\t\t<span>Acheter<\/span>\n\t<\/a>\n\n\n\n\t\t<\/div>\n\t\t\t\t\t<\/div>\n\n\t\n\n<\/div>\n\n\t\t<\/div>\n\n\t\t\n<style>\n#section_1625282117 {\n  padding-top: 50px;\n  padding-bottom: 50px;\n  background-color: rgb(255, 255, 255);\n}\n<\/style>\n\t<\/section>\n\t\n\n\t<section class=\"section\" id=\"section_1736907906\">\n\t\t<div class=\"section-bg fill\" >\n\t\t\t\t\t\t\t\t\t<div class=\"section-bg-overlay absolute fill\"><\/div>\n\t\t\t\n\n\t\t<\/div>\n\n\t\t\n\n\t\t<div class=\"section-content relative\">\n\t\t\t\n\n\t<div id=\"gap-649415891\" class=\"gap-element clearfix\" style=\"display:block; height:auto;\">\n\t\t\n<style>\n#gap-649415891 {\n  padding-top: 30px;\n}\n<\/style>\n\t<\/div>\n\t\n\n<div class=\"row row-collapse row-full-width align-middle align-center\"  id=\"row-963953879\">\n\n\n\t<div id=\"col-939669399\" class=\"col medium-12 small-12 large-4\"  >\n\t\t\t\t<div class=\"col-inner\"  >\n\t\t\t\n\t\t\t\n\n<div class=\"row\"  id=\"row-89528739\">\n\n\n\t<div id=\"col-1300651721\" class=\"col medium-12 small-12 large-12\"  >\n\t\t\t\t<div class=\"col-inner\"  >\n\t\t\t\n\t\t\t\n\n\n  <div class=\"banner has-hover\" id=\"banner-997463152\">\n          <div class=\"banner-inner fill\">\n        <div class=\"banner-bg fill\" >\n            <img loading=\"lazy\" decoding=\"async\" width=\"1229\" height=\"1536\" src=\"https:\/\/marysavondefleur.com\/wp-content\/uploads\/2025\/05\/Over-ons-Mary-Savon-De-Fleur-1229x1536.jpg\" class=\"bg attachment-1536x1536 size-1536x1536\" alt=\"Over ons Mary Savon De Fleur Sarah\" \/>                                    \n                    <\/div>\n\t\t\n        <div class=\"banner-layers container\">\n            <div class=\"fill banner-link\"><\/div>            \n\n   <div id=\"text-box-1429035205\" class=\"text-box banner-layer x50 md-x50 lg-x50 y50 md-y50 lg-y50 res-text\">\n                                <div class=\"text-box-content text dark\">\n              \n              <div class=\"text-inner text-center\">\n                  \n\n\n              <\/div>\n           <\/div>\n                            \n<style>\n#text-box-1429035205 {\n  width: 60%;\n}\n#text-box-1429035205 .text-box-content {\n  font-size: 100%;\n}\n<\/style>\n    <\/div>\n \n\n        <\/div>\n      <\/div>\n\n              <div class=\"height-fix is-invisible\"><img loading=\"lazy\" decoding=\"async\" width=\"1229\" height=\"1536\" src=\"https:\/\/marysavondefleur.com\/wp-content\/uploads\/2025\/05\/Over-ons-Mary-Savon-De-Fleur-1229x1536.jpg\" class=\"attachment-1536x1536 size-1536x1536\" alt=\"Over ons Mary Savon De Fleur Sarah\" srcset=\"https:\/\/marysavondefleur.com\/wp-content\/uploads\/2025\/05\/Over-ons-Mary-Savon-De-Fleur-1229x1536.jpg 1229w, https:\/\/marysavondefleur.com\/wp-content\/uploads\/2025\/05\/Over-ons-Mary-Savon-De-Fleur-240x300.jpg 240w, https:\/\/marysavondefleur.com\/wp-content\/uploads\/2025\/05\/Over-ons-Mary-Savon-De-Fleur-819x1024.jpg 819w, https:\/\/marysavondefleur.com\/wp-content\/uploads\/2025\/05\/Over-ons-Mary-Savon-De-Fleur-768x960.jpg 768w, https:\/\/marysavondefleur.com\/wp-content\/uploads\/2025\/05\/Over-ons-Mary-Savon-De-Fleur-600x750.jpg 600w, https:\/\/marysavondefleur.com\/wp-content\/uploads\/2025\/05\/Over-ons-Mary-Savon-De-Fleur.jpg 1638w\" sizes=\"auto, (max-width: 1229px) 100vw, 1229px\" \/><\/div>\n            \n<style>\n#banner-997463152 {\n  padding-top: 340px;\n}\n#banner-997463152 .banner-bg img {\n  object-position: 8% 45%;\n}\n<\/style>\n  <\/div>\n\n\n\n\t\t<\/div>\n\t\t\t\t\t<\/div>\n\n\t\n\n<\/div>\n\n\t\t<\/div>\n\t\t\t\t\t<\/div>\n\n\t\n\n\t<div id=\"col-819641305\" class=\"col medium-12 small-12 large-8\"  >\n\t\t\t\t<div class=\"col-inner\"  >\n\t\t\t\n\t\t\t\n\n\t<div id=\"text-4280208904\" class=\"text\">\n\t\t\n\n<h2>\u00c0 propos de nos savons !<\/h2>\n\t\t\n<style>\n#text-4280208904 {\n  font-size: 1.3rem;\n}\n<\/style>\n\t<\/div>\n\t\n<p class=\"\" data-start=\"144\" data-end=\"319\">Nos savons artisanaux sont de petits moments de gourmandise, sp\u00e9cialement con\u00e7us pour faire plaisir \u00e0 votre peau et \u00e0 la plan\u00e8te. Ils peuvent para\u00eetre simples, mais ils font de grandes choses.<\/p>\n<p class=\"\" data-start=\"321\" data-end=\"584\">Chaque barre nettoie en douceur mais en profondeur, comme si elle savait exactement ce dont votre peau a besoin : fra\u00eeche, propre et sans tracas. Et gr\u00e2ce au riche beurre de karit\u00e9, ils deviennent un rituel de soin : nourrissant et hydratant, pour que votre peau soit douce et souple apr\u00e8s chaque lavage.<\/p>\n<p class=\"\" data-start=\"586\" data-end=\"728\">Quel que soit votre type de peau \u2013 s\u00e8che, sensible ou tout simplement difficile \u2013 ces savons conviennent \u00e0 tout le monde. Doux de caract\u00e8re, puissant en action.<\/p>\n<p class=\"\" data-start=\"730\" data-end=\"903\">Et bien s\u00fbr, ils ne sont pas seulement bons pour vous, mais aussi pour le monde. Ils sont biod\u00e9gradables et sont livr\u00e9s dans un emballage respectueux de l\u2019environnement.<\/p>\n<p class=\"\" data-start=\"905\" data-end=\"1042\">Moul\u00e9 \u00e0 la main, chaque pi\u00e8ce est unique et r\u00e9alis\u00e9e avec amour. Pas de production de masse, mais un v\u00e9ritable artisanat sous la forme d'un savon.<\/p>\n<p class=\"\" data-start=\"1044\" data-end=\"1114\">Prenez soin de vous, chaque jour, avec un savon qui vous procure une sensation de pur bonheur.<\/p>\n<a href=\"\/fr\/boutique\/\" class=\"button secondary\" style=\"border-radius:5px;\">\n\t\t<span>Acheter<\/span>\n\t<\/a>\n\n\n\n\t\t<\/div>\n\t\t\t\t\n<style>\n#col-819641305 > .col-inner {\n  padding: 0px 0 0px 0px;\n}\n@media (min-width:550px) {\n  #col-819641305 > .col-inner {\n    padding: 0px 10% 0px 0px;\n  }\n}\n@media (min-width:850px) {\n  #col-819641305 > .col-inner {\n    padding: 0px 0px 0px 15%;\n  }\n}\n<\/style>\n\t<\/div>\n\n\t\n\n<\/div>\n\n\t\t<\/div>\n\n\t\t\n<style>\n#section_1736907906 {\n  padding-top: 0px;\n  padding-bottom: 0px;\n}\n#section_1736907906 .section-bg-overlay {\n  background-color: #e3d3b9;\n}\n<\/style>\n\t<\/section>\n\t\n\n\n\n<p><\/p>","protected":false},"excerpt":{"rendered":"","protected":false},"author":1,"featured_media":0,"parent":0,"menu_order":0,"comment_status":"closed","ping_status":"closed","template":"","meta":{"footnotes":""},"class_list":["post-14","page","type-page","status-publish","hentry"],"jetpack_sharing_enabled":true,"_links":{"self":[{"href":"https:\/\/marysavondefleur.com\/fr\/wp-json\/wp\/v2\/pages\/14","targetHints":{"allow":["GET"]}}],"collection":[{"href":"https:\/\/marysavondefleur.com\/fr\/wp-json\/wp\/v2\/pages"}],"about":[{"href":"https:\/\/marysavondefleur.com\/fr\/wp-json\/wp\/v2\/types\/page"}],"author":[{"embeddable":true,"href":"https:\/\/marysavondefleur.com\/fr\/wp-json\/wp\/v2\/users\/1"}],"replies":[{"embeddable":true,"href":"https:\/\/marysavondefleur.com\/fr\/wp-json\/wp\/v2\/comments?post=14"}],"version-history":[{"count":20,"href":"https:\/\/marysavondefleur.com\/fr\/wp-json\/wp\/v2\/pages\/14\/revisions"}],"predecessor-version":[{"id":479,"href":"https:\/\/marysavondefleur.com\/fr\/wp-json\/wp\/v2\/pages\/14\/revisions\/479"}],"wp:attachment":[{"href":"https:\/\/marysavondefleur.com\/fr\/wp-json\/wp\/v2\/media?parent=14"}],"curies":[{"name":"wp","href":"https:\/\/api.w.org\/{rel}","templated":true}]}}