{"id":16,"date":"2025-04-02T18:20:10","date_gmt":"2025-04-02T18:20:10","guid":{"rendered":"https:\/\/marysavondefleur.com\/?page_id=16"},"modified":"2025-04-30T21:50:41","modified_gmt":"2025-04-30T21:50:41","slug":"contact","status":"publish","type":"page","link":"https:\/\/marysavondefleur.com\/fr\/contact\/","title":{"rendered":"Contact"},"content":{"rendered":"<section class=\"section dark\" id=\"section_739223477\">\n\t\t<div class=\"section-bg fill\" >\n\t\t\t<img loading=\"lazy\" decoding=\"async\" width=\"1536\" height=\"1024\" src=\"https:\/\/marysavondefleur.com\/wp-content\/uploads\/2025\/04\/contact-foto.png\" class=\"bg attachment-1536x1536 size-1536x1536\" alt=\"contact Mary savon de fleur zeepjes\" \/>\t\t\t\t\t\t<div class=\"section-bg-overlay absolute fill\"><\/div>\n\t\t\t\n\t<div class=\"is-border\"\n\t\tstyle=\"border-width:0px 2px 0px 0px;\">\n\t<\/div>\n\n\t\t<\/div>\n\n\t\t\n\n\t\t<div class=\"section-content relative\">\n\t\t\t\n\n<div class=\"row\"  id=\"row-1802686215\">\n\n\n\t<div id=\"col-290365627\" class=\"col small-12 large-12\"  >\n\t\t\t\t<div class=\"col-inner\"  >\n\t\t\t\n\t\t\t\n\n\t<div id=\"gap-475264076\" class=\"gap-element clearfix\" style=\"display:block; height:auto;\">\n\t\t\n<style>\n#gap-475264076 {\n  padding-top: 30px;\n}\n<\/style>\n\t<\/div>\n\t\n\n\t<div id=\"text-3834070096\" class=\"text\">\n\t\t\n\n<h1 style=\"text-align: center;\">CONTACT<\/h1>\n\t\t\n<style>\n#text-3834070096 {\n  font-size: 1.75rem;\n  line-height: 1.75;\n  text-align: center;\n}\n<\/style>\n\t<\/div>\n\t\n\n\t\t<\/div>\n\t\t\t\t\t<\/div>\n\n\t\n\n<\/div>\n\n\t\t<\/div>\n\n\t\t\n<style>\n#section_739223477 {\n  padding-top: 0px;\n  padding-bottom: 0px;\n  min-height: 350px;\n}\n#section_739223477 .section-bg-overlay {\n  background-color: rgba(0, 0, 0, 0.395);\n}\n#section_739223477 .section-bg img {\n  object-position: 0% 72%;\n}\n<\/style>\n\t<\/section>\n\t\n\n\t<section class=\"section\" id=\"section_1732887101\">\n\t\t<div class=\"section-bg fill\" >\n\t\t\t\t\t\t\t\t\t\n\t\t\t\n\n\t\t<\/div>\n\n\t\t\n\n\t\t<div class=\"section-content relative\">\n\t\t\t\n\n<div class=\"row\"  id=\"row-1750544798\">\n\n\n\t<div id=\"col-1638022782\" class=\"col medium-6 small-12 large-6\"  >\n\t\t\t\t<div class=\"col-inner\"  >\n\t\t\t\n\t\t\t\n\n<h2 class=\"\" data-start=\"92\" data-end=\"109\">Des questions ?<\/h2>\n<p class=\"\" data-start=\"111\" data-end=\"301\">Nous aimerions avoir de vos nouvelles ! Que vous souhaitiez en savoir plus sur nos savons, que vous ayez pass\u00e9 une commande ou que vous soyez simplement curieux de nos produits, n'h\u00e9sitez pas \u00e0 nous contacter.<\/p>\n<p class=\"\" data-start=\"303\" data-end=\"475\">N'h\u00e9sitez pas \u00e0 nous envoyer un e-mail ou \u00e0 remplir le formulaire de contact. Nous ferons de notre mieux pour <strong data-start=\"383\" data-end=\"415\">tout courriel dans les 24 heures<\/strong> r\u00e9ponse. Le service personnalis\u00e9 est notre priorit\u00e9 absolue !<\/p>\n<h3 class=\"\" data-start=\"477\" data-end=\"498\">\ud83d\udccd Heures d'ouverture<\/h3>\n<p class=\"\" data-start=\"499\" data-end=\"574\">Du lundi au samedi : <strong data-start=\"524\" data-end=\"541\">10:00 - 18:00<\/strong><br data-start=\"541\" data-end=\"544\" \/>Dimanche et jours f\u00e9ri\u00e9s : ferm\u00e9<\/p>\n\n\t\t<\/div>\n\t\t\t\t\t<\/div>\n\n\t\n\n\t<div id=\"col-1073624736\" class=\"col medium-6 small-12 large-6\"  >\n\t\t\t\t<div class=\"col-inner\"  >\n\t\t\t\n\t\t\t\n\n<style id=\"wpforms-css-vars-163\">\n\t\t\t\t#wpforms-163 {\n\t\t\t\t\n\t\t\t}\n\t\t\t<\/style><div class=\"wpforms-container wpforms-container-full wpforms-render-modern\" id=\"wpforms-163\"><form id=\"wpforms-form-163\" class=\"wpforms-validate wpforms-form wpforms-ajax-form\" data-formid=\"163\" method=\"post\" enctype=\"multipart\/form-data\" action=\"\/fr\/wp-json\/wp\/v2\/pages\/16\" data-token=\"1c797ce6d0943ee92112e31d5e29b726\" data-token-time=\"1776436331\" data-trp-original-action=\"\/fr\/wp-json\/wp\/v2\/pages\/16\"><noscript class=\"wpforms-error-noscript\">Veuillez activer JavaScript dans votre navigateur pour remplir ce formulaire.<\/noscript><div id=\"wpforms-error-noscript\" style=\"display: none;\">Veuillez activer JavaScript dans votre navigateur pour remplir ce formulaire.<\/div><div class=\"wpforms-field-container\">\t\t<div id=\"wpforms-163-field_4-container\"\n\t\t\tclass=\"wpforms-field wpforms-field-text\"\n\t\t\tdata-field-type=\"text\"\n\t\t\tdata-field-id=\"4\"\n\t\t\t>\n\t\t\t<label class=\"wpforms-field-label\" for=\"wpforms-163-field_4\" >E-mail Naam Reactie<\/label>\n\t\t\t<input type=\"text\" id=\"wpforms-163-field_4\" class=\"wpforms-field-medium\" name=\"wpforms[fields][4]\" >\n\t\t<\/div>\n\t\t<div id=\"wpforms-163-field_1-container\" class=\"wpforms-field wpforms-field-name\" data-field-id=\"1\"><label class=\"wpforms-field-label wpforms-label-hide\" for=\"wpforms-163-field_1\" aria-hidden=\"false\">Nom <span class=\"wpforms-required-label\" aria-hidden=\"true\">*<\/span><\/label><input type=\"text\" id=\"wpforms-163-field_1\" class=\"wpforms-field-large wpforms-field-required\" name=\"wpforms[fields][1]\" placeholder=\"Nom\" aria-errormessage=\"wpforms-163-field_1-error\" required><\/div><div id=\"wpforms-163-field_2-container\" class=\"wpforms-field wpforms-field-email\" data-field-id=\"2\"><label class=\"wpforms-field-label wpforms-label-hide\" for=\"wpforms-163-field_2\" aria-hidden=\"false\">Courriel <span class=\"wpforms-required-label\" aria-hidden=\"true\">*<\/span><\/label><input type=\"email\" id=\"wpforms-163-field_2\" class=\"wpforms-field-large wpforms-field-required\" name=\"wpforms[fields][2]\" placeholder=\"Courriel\" spellcheck=\"false\" aria-errormessage=\"wpforms-163-field_2-error\" required><\/div><div id=\"wpforms-163-field_6-container\" class=\"wpforms-field wpforms-field-name\" data-field-id=\"6\"><label class=\"wpforms-field-label wpforms-label-hide\" for=\"wpforms-163-field_6\" aria-hidden=\"false\">T\u00e9l\u00e9phone<\/label><input type=\"text\" id=\"wpforms-163-field_6\" class=\"wpforms-field-large\" name=\"wpforms[fields][6]\" placeholder=\"T\u00e9l\u00e9phone\" aria-errormessage=\"wpforms-163-field_6-error\" ><\/div><div id=\"wpforms-163-field_3-container\" class=\"wpforms-field wpforms-field-textarea\" data-field-id=\"3\"><label class=\"wpforms-field-label wpforms-label-hide\" for=\"wpforms-163-field_3\" aria-hidden=\"false\">R\u00e9ponse ou message<\/label><textarea id=\"wpforms-163-field_3\" class=\"wpforms-field-medium\" name=\"wpforms[fields][3]\" placeholder=\"Message\" aria-errormessage=\"wpforms-163-field_3-error\" aria-describedby=\"wpforms-163-field_3-description\" ><\/textarea><div id=\"wpforms-163-field_3-description\" class=\"wpforms-field-description\">Message<\/div><\/div><script>\n\t\t\t\t( function() {\n\t\t\t\t\tconst style = document.createElement( 'style' );\n\t\t\t\t\tstyle.appendChild( document.createTextNode( '#wpforms-163-field_4-container { position: absolute !important; overflow: hidden !important; display: inline !important; height: 1px !important; width: 1px !important; z-index: -1000 !important; padding: 0 !important; } #wpforms-163-field_4-container input { visibility: hidden; } #wpforms-conversational-form-page #wpforms-163-field_4-container label { counter-increment: none; }' ) );\n\t\t\t\t\tdocument.head.appendChild( style );\n\t\t\t\t\tdocument.currentScript?.remove();\n\t\t\t\t} )();\n\t\t\t<\/script><\/div><!-- .wpforms-field-container --><div class=\"wpforms-submit-container\" ><input type=\"hidden\" name=\"wpforms[id]\" value=\"163\"><input type=\"hidden\" name=\"page_title\" value=\"\"><input type=\"hidden\" name=\"page_url\" value=\"https:\/\/marysavondefleur.com\/fr\/wp-json\/wp\/v2\/pages\/16\"><input type=\"hidden\" name=\"url_referer\" value=\"\"><button type=\"submit\" name=\"wpforms[submit]\" id=\"wpforms-submit-163\" class=\"wpforms-submit\" data-alt-text=\"Verzenden...\" data-submit-text=\"Verzend\" aria-live=\"assertive\" value=\"wpforms-submit\">Envoyer<\/button><img loading=\"lazy\" decoding=\"async\" src=\"https:\/\/marysavondefleur.com\/wp-content\/plugins\/wpforms-lite\/assets\/images\/submit-spin.svg\" class=\"wpforms-submit-spinner\" style=\"display: none;\" width=\"26\" height=\"26\" alt=\"Chargement en cours\"><\/div><input type=\"hidden\" name=\"trp-form-language\" value=\"fr\"\/><\/form><\/div>  <!-- .wpforms-container -->\n\n\t\t<\/div>\n\t\t\t\t\t<\/div>\n\n\t\n\n<\/div>\n\n\t\t<\/div>\n\n\t\t\n<style>\n#section_1732887101 {\n  padding-top: 30px;\n  padding-bottom: 30px;\n}\n<\/style>\n\t<\/section>","protected":false},"excerpt":{"rendered":"","protected":false},"author":1,"featured_media":0,"parent":0,"menu_order":0,"comment_status":"closed","ping_status":"closed","template":"","meta":{"footnotes":""},"class_list":["post-16","page","type-page","status-publish","hentry"],"jetpack_sharing_enabled":true,"_links":{"self":[{"href":"https:\/\/marysavondefleur.com\/fr\/wp-json\/wp\/v2\/pages\/16","targetHints":{"allow":["GET"]}}],"collection":[{"href":"https:\/\/marysavondefleur.com\/fr\/wp-json\/wp\/v2\/pages"}],"about":[{"href":"https:\/\/marysavondefleur.com\/fr\/wp-json\/wp\/v2\/types\/page"}],"author":[{"embeddable":true,"href":"https:\/\/marysavondefleur.com\/fr\/wp-json\/wp\/v2\/users\/1"}],"replies":[{"embeddable":true,"href":"https:\/\/marysavondefleur.com\/fr\/wp-json\/wp\/v2\/comments?post=16"}],"version-history":[{"count":5,"href":"https:\/\/marysavondefleur.com\/fr\/wp-json\/wp\/v2\/pages\/16\/revisions"}],"predecessor-version":[{"id":334,"href":"https:\/\/marysavondefleur.com\/fr\/wp-json\/wp\/v2\/pages\/16\/revisions\/334"}],"wp:attachment":[{"href":"https:\/\/marysavondefleur.com\/fr\/wp-json\/wp\/v2\/media?parent=16"}],"curies":[{"name":"wp","href":"https:\/\/api.w.org\/{rel}","templated":true}]}}