{"id":18,"date":"2025-04-02T18:20:46","date_gmt":"2025-04-02T18:20:46","guid":{"rendered":"https:\/\/marysavondefleur.com\/?page_id=18"},"modified":"2025-06-09T09:42:44","modified_gmt":"2025-06-09T09:42:44","slug":"faq","status":"publish","type":"page","link":"https:\/\/marysavondefleur.com\/fr\/faq\/","title":{"rendered":"FAQ"},"content":{"rendered":"<section class=\"section dark\" id=\"section_1076198901\">\n\t\t<div class=\"section-bg fill\" >\n\t\t\t<img loading=\"lazy\" decoding=\"async\" width=\"1536\" height=\"1024\" src=\"https:\/\/marysavondefleur.com\/wp-content\/uploads\/2025\/04\/Vier-natuurzeepjes-met-kruideningredienten-1.png\" class=\"bg attachment-1536x1536 size-1536x1536\" alt=\"faq Mary savon de fleur\" \/>\t\t\t\t\t\t<div class=\"section-bg-overlay absolute fill\"><\/div>\n\t\t\t\n\t<div class=\"is-border\"\n\t\tstyle=\"border-width:0px 2px 0px 0px;\">\n\t<\/div>\n\n\t\t<\/div>\n\n\t\t\n\n\t\t<div class=\"section-content relative\">\n\t\t\t\n\n<div class=\"row\"  id=\"row-114975003\">\n\n\n\t<div id=\"col-2123745025\" class=\"col small-12 large-12\"  >\n\t\t\t\t<div class=\"col-inner\"  >\n\t\t\t\n\t\t\t\n\n\t<div id=\"gap-1931767559\" class=\"gap-element clearfix\" style=\"display:block; height:auto;\">\n\t\t\n<style>\n#gap-1931767559 {\n  padding-top: 30px;\n}\n<\/style>\n\t<\/div>\n\t\n\n\t<div id=\"text-347184668\" class=\"text\">\n\t\t\n\n<h1 style=\"text-align: center;\">FAQ<\/h1>\n\t\t\n<style>\n#text-347184668 {\n  font-size: 1.75rem;\n  line-height: 1.75;\n  text-align: center;\n}\n<\/style>\n\t<\/div>\n\t\n\n\t\t<\/div>\n\t\t\t\t\t<\/div>\n\n\t\n\n<\/div>\n\n\t\t<\/div>\n\n\t\t\n<style>\n#section_1076198901 {\n  padding-top: 0px;\n  padding-bottom: 0px;\n  min-height: 350px;\n}\n#section_1076198901 .section-bg-overlay {\n  background-color: rgba(0, 0, 0, 0.395);\n}\n#section_1076198901 .section-bg img {\n  object-position: 38% 60%;\n}\n<\/style>\n\t<\/section>\n\t\n\n\t<section class=\"section\" id=\"section_1729076754\">\n\t\t<div class=\"section-bg fill\" >\n\t\t\t\t\t\t\t\t\t\n\t\t\t\n\n\t\t<\/div>\n\n\t\t\n\n\t\t<div class=\"section-content relative\">\n\t\t\t\n\n<div class=\"row\"  id=\"row-947610532\">\n\n\n\t<div id=\"col-48088780\" class=\"col small-12 large-12\"  >\n\t\t\t\t<div class=\"col-inner text-center\"  >\n\t\t\t\n\t\t\t\n\n<h2>Questions fr\u00e9quemment pos\u00e9es<\/h2>\n\n\t\t<\/div>\n\t\t\t\t\t<\/div>\n\n\t\n\n<\/div>\n<div class=\"row align-center\"  id=\"row-1537799098\">\n\n\n\t<div id=\"col-339174257\" class=\"col medium-10 small-12 large-3\"  >\n\t\t\t\t<div class=\"col-inner\"  >\n\t\t\t\n\t\t\t\n\n<h3>Nos savons<\/h3>\n\n\t\t<\/div>\n\t\t\t\t\t<\/div>\n\n\t\n\n\t<div id=\"col-1697419438\" class=\"col medium-10 small-12 large-6\"  >\n\t\t\t\t<div class=\"col-inner\"  >\n\t\t\t\n\t\t\t\n\n<div class=\"accordion\">\n\n\t<div id=\"accordion-1012256892\" class=\"accordion-item\">\n\t\t<a id=\"accordion-1012256892-label\" class=\"accordion-title plain\" href=\"#accordion-item-zijn-de-zepen-geschikt-voor-een-gevoelige-huid?\" aria-expanded=\"false\" aria-controls=\"accordion-1012256892-content\">\n\t\t\t<button class=\"toggle\" aria-label=\"Basculer\"><i class=\"icon-angle-down\" aria-hidden=\"true\"><\/i><\/button>\n\t\t\t<span>Les savons conviennent-ils aux peaux sensibles ?<\/span>\n\t\t<\/a>\n\t\t<div id=\"accordion-1012256892-content\" class=\"accordion-inner\" aria-labelledby=\"accordion-1012256892-label\">\n\t\t\t\n\n<p>Oui, absolument ! Nos savons sont fabriqu\u00e9s avec des ingr\u00e9dients doux et biologiques sans additifs agressifs tels que les parab\u00e8nes, les parfums ou les colorants. Cela les rend tr\u00e8s adapt\u00e9s aux peaux sensibles, notamment celles souffrant d\u2019ecz\u00e9ma ou d\u2019acn\u00e9.<\/p>\n\n\t\t<\/div>\n\t<\/div>\n\t\n\t<div id=\"accordion-2092333683\" class=\"accordion-item\">\n\t\t<a id=\"accordion-2092333683-label\" class=\"accordion-title plain\" href=\"#accordion-item-welke-ingredi\u00ebnten-gebruiken-jullie?\" aria-expanded=\"false\" aria-controls=\"accordion-2092333683-content\">\n\t\t\t<button class=\"toggle\" aria-label=\"Basculer\"><i class=\"icon-angle-down\" aria-hidden=\"true\"><\/i><\/button>\n\t\t\t<span>Quels ingr\u00e9dients utilisez-vous ?<\/span>\n\t\t<\/a>\n\t\t<div id=\"accordion-2092333683-content\" class=\"accordion-inner\" aria-labelledby=\"accordion-2092333683-label\">\n\t\t\t\n\n<p>Nous utilisons uniquement des ingr\u00e9dients biologiques tels que le beurre de karit\u00e9, l'huile de coco, les extraits de plantes, les huiles v\u00e9g\u00e9tales et les poudres naturelles. Chaque savon a sa propre composition unique avec un objectif bienveillant.<\/p>\n\n\t\t<\/div>\n\t<\/div>\n\t\n\t<div id=\"accordion-3527286457\" class=\"accordion-item\">\n\t\t<a id=\"accordion-3527286457-label\" class=\"accordion-title plain\" href=\"#accordion-item-bevatten-jullie-zepen-synthetische-geurstoffen-of-kleurstoffen?\" aria-expanded=\"false\" aria-controls=\"accordion-3527286457-content\">\n\t\t\t<button class=\"toggle\" aria-label=\"Basculer\"><i class=\"icon-angle-down\" aria-hidden=\"true\"><\/i><\/button>\n\t\t\t<span>Vos savons contiennent-ils des parfums ou des colorants synth\u00e9tiques ?<\/span>\n\t\t<\/a>\n\t\t<div id=\"accordion-3527286457-content\" class=\"accordion-inner\" aria-labelledby=\"accordion-3527286457-label\">\n\t\t\t\n\n<p>Non. Tous nos savons sont exempts de parfums, colorants et conservateurs synth\u00e9tiques. Tout ce que vous sentez ou voyez vient de la nature.<\/p>\n\n\t\t<\/div>\n\t<\/div>\n\t\n\t<div id=\"accordion-817157336\" class=\"accordion-item\">\n\t\t<a id=\"accordion-817157336-label\" class=\"accordion-title plain\" href=\"#accordion-item-hoe-lang-gaan-de-zepen-mee?\" aria-expanded=\"false\" aria-controls=\"accordion-817157336-content\">\n\t\t\t<button class=\"toggle\" aria-label=\"Basculer\"><i class=\"icon-angle-down\" aria-hidden=\"true\"><\/i><\/button>\n\t\t\t<span>Combien de temps durent les savons ?<\/span>\n\t\t<\/a>\n\t\t<div id=\"accordion-817157336-content\" class=\"accordion-inner\" aria-labelledby=\"accordion-817157336-label\">\n\t\t\t\n\n<p>Avec une utilisation normale, une barre de savon dure en moyenne 9 semaines. Assurez-vous de laisser s\u00e9cher le savon entre chaque utilisation, par exemple sur un porte-savon perc\u00e9 de trous. De cette fa\u00e7on, il restera beau plus longtemps.<\/p>\n\n\t\t<\/div>\n\t<\/div>\n\t\n\t<div id=\"accordion-968768689\" class=\"accordion-item\">\n\t\t<a id=\"accordion-968768689-label\" class=\"accordion-title plain\" href=\"#accordion-item-zijn-jullie-zepen-vegan-en-dierproefvrij?\" aria-expanded=\"false\" aria-controls=\"accordion-968768689-content\">\n\t\t\t<button class=\"toggle\" aria-label=\"Basculer\"><i class=\"icon-angle-down\" aria-hidden=\"true\"><\/i><\/button>\n\t\t\t<span>nous savons sont-ils v\u00e9g\u00e9taliens et non test\u00e9s sur les animaux ?<\/span>\n\t\t<\/a>\n\t\t<div id=\"accordion-968768689-content\" class=\"accordion-inner\" aria-labelledby=\"accordion-968768689-label\">\n\t\t\t\n\n<p>Oui! Nos savons sont 100% v\u00e9g\u00e9taux et totalement sans cruaut\u00e9. Nous testons uniquement sur la famille et les amis \ud83d\ude09.<\/p>\n\n\t\t<\/div>\n\t<\/div>\n\t\n\t<div id=\"accordion-2810155508\" class=\"accordion-item\">\n\t\t<a id=\"accordion-2810155508-label\" class=\"accordion-title plain\" href=\"#accordion-item-kan-ik-de-zeep-ook-voor-mijn-gezicht-gebruiken?\" aria-expanded=\"false\" aria-controls=\"accordion-2810155508-content\">\n\t\t\t<button class=\"toggle\" aria-label=\"Basculer\"><i class=\"icon-angle-down\" aria-hidden=\"true\"><\/i><\/button>\n\t\t\t<span>Puis-je \u00e9galement utiliser le savon sur mon visage ?<\/span>\n\t\t<\/a>\n\t\t<div id=\"accordion-2810155508-content\" class=\"accordion-inner\" aria-labelledby=\"accordion-2810155508-label\">\n\t\t\t\n\n<p>Certainement. Nombre de nos savons conviennent aussi bien au corps qu'au visage, comme <strong data-start=\"1592\" data-end=\"1605\">savon de Neem<\/strong> pour les peaux impures ou <strong data-start=\"1636\" data-end=\"1650\">savon aux p\u00e9tales de rose<\/strong> Pour un gommage doux. Consultez toujours la description du produit.<\/p>\n\n\t\t<\/div>\n\t<\/div>\n\t\n\t<div id=\"accordion-4026124090\" class=\"accordion-item\">\n\t\t<a id=\"accordion-4026124090-label\" class=\"accordion-title plain\" href=\"#accordion-item-hoe-worden-de-zepen-gemaakt?\" aria-expanded=\"false\" aria-controls=\"accordion-4026124090-content\">\n\t\t\t<button class=\"toggle\" aria-label=\"Basculer\"><i class=\"icon-angle-down\" aria-hidden=\"true\"><\/i><\/button>\n\t\t\t<span>Comment sont fabriqu\u00e9s les savons ?<\/span>\n\t\t<\/a>\n\t\t<div id=\"accordion-4026124090-content\" class=\"accordion-inner\" aria-labelledby=\"accordion-4026124090-label\">\n\t\t\t\n\n<p>Chaque savon est fabriqu\u00e9 \u00e0 la main selon la m\u00e9thode de saponification \u00e0 froid, qui pr\u00e9serve toutes les propri\u00e9t\u00e9s nourrissantes des huiles et des beurres.<\/p>\n\n\t\t<\/div>\n\t<\/div>\n\t\n\t<div id=\"accordion-2507261734\" class=\"accordion-item\">\n\t\t<a id=\"accordion-2507261734-label\" class=\"accordion-title plain\" href=\"#accordion-item-kan-ik-een-cadeauset-of-gepersonaliseerde-bestelling-plaatsen?\" aria-expanded=\"false\" aria-controls=\"accordion-2507261734-content\">\n\t\t\t<button class=\"toggle\" aria-label=\"Basculer\"><i class=\"icon-angle-down\" aria-hidden=\"true\"><\/i><\/button>\n\t\t\t<span>Puis-je passer une commande cadeau ou personnalis\u00e9e ?<\/span>\n\t\t<\/a>\n\t\t<div id=\"accordion-2507261734-content\" class=\"accordion-inner\" aria-labelledby=\"accordion-2507261734-label\">\n\t\t\t\n\n<p>Bien s\u00fbr ! N'h\u00e9sitez pas \u00e0 nous envoyer un message via le formulaire de contact ou par e-mail. Nous serions ravis de vous aider \u00e0 trouver un cadeau original et naturel \ud83c\udf81<\/p>\n\n\t\t<\/div>\n\t<\/div>\n\t\n\n<\/div>\n\n\t\t<\/div>\n\t\t\t\t\t<\/div>\n\n\t\n\n<\/div>\n<div class=\"row align-center\"  id=\"row-2095811374\">\n\n\n\t<div id=\"col-830863512\" class=\"col medium-10 small-12 large-3\"  >\n\t\t\t\t<div class=\"col-inner\"  >\n\t\t\t\n\t\t\t\n\n<h3>Paiements<\/h3>\n\n\t\t<\/div>\n\t\t\t\t\t<\/div>\n\n\t\n\n\t<div id=\"col-1856293497\" class=\"col medium-10 small-12 large-6\"  >\n\t\t\t\t<div class=\"col-inner\"  >\n\t\t\t\n\t\t\t\n\n<div class=\"accordion\">\n\n\t<div id=\"accordion-4077464843\" class=\"accordion-item\">\n\t\t<a id=\"accordion-4077464843-label\" class=\"accordion-title plain\" href=\"#accordion-item-welke-betaalmethodes-accepteren-jullie?\" aria-expanded=\"false\" aria-controls=\"accordion-4077464843-content\">\n\t\t\t<button class=\"toggle\" aria-label=\"Basculer\"><i class=\"icon-angle-down\" aria-hidden=\"true\"><\/i><\/button>\n\t\t\t<span>Quels modes de paiement acceptez-vous ?<\/span>\n\t\t<\/a>\n\t\t<div id=\"accordion-4077464843-content\" class=\"accordion-inner\" aria-labelledby=\"accordion-4077464843-label\">\n\t\t\t\n\n<p class=\"\" data-start=\"1218\" data-end=\"1255\">Vous pouvez payer en toute s\u00e9curit\u00e9 avec nous via :<\/p>\n<ul data-start=\"1257\" data-end=\"1393\">\n<li class=\"\" data-start=\"1257\" data-end=\"1273\">\n<p class=\"\" data-start=\"1259\" data-end=\"1273\"><strong data-start=\"1259\" data-end=\"1273\">Bancontact<\/strong><\/p>\n<\/li>\n<li class=\"\" data-start=\"1274\" data-end=\"1285\">\n<p class=\"\" data-start=\"1276\" data-end=\"1285\"><strong data-start=\"1276\" data-end=\"1285\">iDEAL<\/strong><\/p>\n<\/li>\n<li class=\"\" data-start=\"1286\" data-end=\"1322\">\n<p class=\"\" data-start=\"1288\" data-end=\"1322\"><strong data-start=\"1288\" data-end=\"1322\">Carte de cr\u00e9dit (Visa\/Mastercard)<\/strong><\/p>\n<\/li>\n<li class=\"\" data-start=\"1323\" data-end=\"1335\">\n<p class=\"\" data-start=\"1325\" data-end=\"1335\"><strong data-start=\"1325\" data-end=\"1335\">PayPal<\/strong><\/p>\n<\/li>\n<li data-start=\"1336\" data-end=\"1393\"><strong>Virements bancaires SEPA<\/strong>\u00a0<\/li>\n<\/ul>\n<p>\u00a0 \u00a0 \u00a0\u00a0<\/p>\n<p class=\"\" data-start=\"1395\" data-end=\"1481\">Les paiements sont trait\u00e9s via <strong data-start=\"1429\" data-end=\"1453\">WooCommerce Payments<\/strong> pour Stripe et PayPal et sont enti\u00e8rement s\u00e9curis\u00e9s.<\/p>\n\n\t\t<\/div>\n\t<\/div>\n\t\n\t<div id=\"accordion-3707886733\" class=\"accordion-item\">\n\t\t<a id=\"accordion-3707886733-label\" class=\"accordion-title plain\" href=\"#accordion-item-is-mijn-betaling-veilig?\" aria-expanded=\"false\" aria-controls=\"accordion-3707886733-content\">\n\t\t\t<button class=\"toggle\" aria-label=\"Basculer\"><i class=\"icon-angle-down\" aria-hidden=\"true\"><\/i><\/button>\n\t\t\t<span>Mon paiement est-il s\u00e9curis\u00e9?<\/span>\n\t\t<\/a>\n\t\t<div id=\"accordion-3707886733-content\" class=\"accordion-inner\" aria-labelledby=\"accordion-3707886733-label\">\n\t\t\t\n\n<p>Oui, nous utilisons une connexion SSL s\u00e9curis\u00e9e et collaborons avec des fournisseurs de paiement fiables tels que PayPal et WooCommerce Payments. Vos donn\u00e9es sont en s\u00e9curit\u00e9 chez nous. Notre boutique en ligne b\u00e9n\u00e9ficie \u00e9galement d'une s\u00e9curit\u00e9 renforc\u00e9e pour vous permettre de faire vos achats en toute s\u00e9curit\u00e9.<\/p>\n\n\t\t<\/div>\n\t<\/div>\n\t\n\t<div id=\"accordion-1216888773\" class=\"accordion-item\">\n\t\t<a id=\"accordion-1216888773-label\" class=\"accordion-title plain\" href=\"#accordion-item-kan-ik-achteraf-betalen?\" aria-expanded=\"false\" aria-controls=\"accordion-1216888773-content\">\n\t\t\t<button class=\"toggle\" aria-label=\"Basculer\"><i class=\"icon-angle-down\" aria-hidden=\"true\"><\/i><\/button>\n\t\t\t<span>Puis-je payer apr\u00e8s ?<\/span>\n\t\t<\/a>\n\t\t<div id=\"accordion-1216888773-content\" class=\"accordion-inner\" aria-labelledby=\"accordion-1216888773-label\">\n\t\t\t\n\n<p>Nous ne proposons actuellement pas d'option de paiement diff\u00e9r\u00e9. Toutes les commandes doivent \u00eatre r\u00e9gl\u00e9es \u00e0 l'avance via l'un de nos moyens de paiement s\u00e9curis\u00e9s tels que iDEAL, Bancontact ou PayPal.<\/p>\n\n\t\t<\/div>\n\t<\/div>\n\t\n\n<\/div>\n\n\t\t<\/div>\n\t\t\t\t\t<\/div>\n\n\t\n\n<\/div>\n<div class=\"row align-center\"  id=\"row-864012094\">\n\n\n\t<div id=\"col-1210237274\" class=\"col medium-10 small-12 large-3\"  >\n\t\t\t\t<div class=\"col-inner\"  >\n\t\t\t\n\t\t\t\n\n<h3>Exp\u00e9dition et retours<\/h3>\n\n\t\t<\/div>\n\t\t\t\t\t<\/div>\n\n\t\n\n\t<div id=\"col-1905951215\" class=\"col medium-10 small-12 large-6\"  >\n\t\t\t\t<div class=\"col-inner\"  >\n\t\t\t\n\t\t\t\n\n<div class=\"accordion\">\n\n\t<div id=\"accordion-1917712619\" class=\"accordion-item\">\n\t\t<a id=\"accordion-1917712619-label\" class=\"accordion-title plain\" href=\"#accordion-item-hoe-lang-duurt-het-voor-mijn-bestelling-wordt-verzonden?\" aria-expanded=\"false\" aria-controls=\"accordion-1917712619-content\">\n\t\t\t<button class=\"toggle\" aria-label=\"Basculer\"><i class=\"icon-angle-down\" aria-hidden=\"true\"><\/i><\/button>\n\t\t\t<span>Combien de temps faut-il pour que ma commande soit exp\u00e9di\u00e9e ?<\/span>\n\t\t<\/a>\n\t\t<div id=\"accordion-1917712619-content\" class=\"accordion-inner\" aria-labelledby=\"accordion-1917712619-label\">\n\t\t\t\n\n<p>Nous faisons de notre mieux pour livrer votre commande dans les <strong data-start=\"338\" data-end=\"359\">1 \u00e0 3 jours ouvrables<\/strong> Pour le traitement et l'exp\u00e9dition. D\u00e8s que votre colis sera en route, vous recevrez une confirmation avec suivi.<\/p>\n\n\t\t<\/div>\n\t<\/div>\n\t\n\t<div id=\"accordion-1973261464\" class=\"accordion-item\">\n\t\t<a id=\"accordion-1973261464-label\" class=\"accordion-title plain\" href=\"#accordion-item-wat-zijn-de-verzendkosten?\" aria-expanded=\"false\" aria-controls=\"accordion-1973261464-content\">\n\t\t\t<button class=\"toggle\" aria-label=\"Basculer\"><i class=\"icon-angle-down\" aria-hidden=\"true\"><\/i><\/button>\n\t\t\t<span>Quels sont les frais de livraison ?<\/span>\n\t\t<\/a>\n\t\t<div id=\"accordion-1973261464-content\" class=\"accordion-inner\" aria-labelledby=\"accordion-1973261464-label\">\n\t\t\t\n\n<p class=\"translation-block\">Pour les commandes pass\u00e9es en Belgique, nous facturons des frais de livraison standard.<strong data-start=\"603\" data-end=\"619\"> Pour toute commande sup\u00e9rieure \u00e0 75 \u20ac, la livraison est gratuite en Belgique. Pour toute commande sup\u00e9rieure \u00e0 95 \u20ac, la livraison est gratuite dans toute l'Europe.<\/strong><\/p>\n\n\t\t<\/div>\n\t<\/div>\n\t\n\t<div id=\"accordion-2168722625\" class=\"accordion-item\">\n\t\t<a id=\"accordion-2168722625-label\" class=\"accordion-title plain\" href=\"#accordion-item-kan-ik-mijn-bestelling-retourneren?\" aria-expanded=\"false\" aria-controls=\"accordion-2168722625-content\">\n\t\t\t<button class=\"toggle\" aria-label=\"Basculer\"><i class=\"icon-angle-down\" aria-hidden=\"true\"><\/i><\/button>\n\t\t\t<span>Puis-je retourner ma commande ?<\/span>\n\t\t<\/a>\n\t\t<div id=\"accordion-2168722625-content\" class=\"accordion-inner\" aria-labelledby=\"accordion-2168722625-label\">\n\t\t\t\n\n<p>Oui, c'est possible. Vous avez le droit de faire retourner votre commande dans les 30 jours suivant sa r\u00e9ception. <strong data-start=\"756\" data-end=\"768\">14 jours<\/strong> \u00c0 retourner d\u00e8s r\u00e9ception. Les produits doivent \u00eatre non ouverts, non utilis\u00e9s et dans leur \u00e9tat d'origine. <strong data-start=\"868\" data-end=\"909\">Les frais de retour sont \u00e0 votre charge<\/strong>, sauf erreur de notre part.<\/p>\n\n\t\t<\/div>\n\t<\/div>\n\t\n\t<div id=\"accordion-703350623\" class=\"accordion-item\">\n\t\t<a id=\"accordion-703350623-label\" class=\"accordion-title plain\" href=\"#accordion-item-hoe-stuur-ik-iets-terug?\" aria-expanded=\"false\" aria-controls=\"accordion-703350623-content\">\n\t\t\t<button class=\"toggle\" aria-label=\"Basculer\"><i class=\"icon-angle-down\" aria-hidden=\"true\"><\/i><\/button>\n\t\t\t<span>Comment puis-je retourner quelque chose ?<\/span>\n\t\t<\/a>\n\t\t<div id=\"accordion-703350623-content\" class=\"accordion-inner\" aria-labelledby=\"accordion-703350623-label\">\n\t\t\t\n\n<p>Envoyez-nous un e-mail via le <strong>formulaire de contact<\/strong> ou envoyez-nous un e-mail au <strong data-start=\"1062\" data-end=\"1090\"><a rel=\"noopener\" data-start=\"1064\" data-end=\"1088\">info@marysavondefleur.be<\/a><\/strong> avec votre num\u00e9ro de commande. Nous vous aiderons ensuite \u00e0 suivre les instructions de retour.<\/p>\n\n\t\t<\/div>\n\t<\/div>\n\t\n\n<\/div>\n\n\t\t<\/div>\n\t\t\t\t\t<\/div>\n\n\t\n\n<\/div>\n\n\t\t<\/div>\n\n\t\t\n<style>\n#section_1729076754 {\n  padding-top: 60px;\n  padding-bottom: 60px;\n  background-color: rgb(255,255,255);\n}\n<\/style>\n\t<\/section>","protected":false},"excerpt":{"rendered":"","protected":false},"author":1,"featured_media":0,"parent":0,"menu_order":0,"comment_status":"closed","ping_status":"closed","template":"","meta":{"footnotes":""},"class_list":["post-18","page","type-page","status-publish","hentry"],"jetpack_sharing_enabled":true,"_links":{"self":[{"href":"https:\/\/marysavondefleur.com\/fr\/wp-json\/wp\/v2\/pages\/18","targetHints":{"allow":["GET"]}}],"collection":[{"href":"https:\/\/marysavondefleur.com\/fr\/wp-json\/wp\/v2\/pages"}],"about":[{"href":"https:\/\/marysavondefleur.com\/fr\/wp-json\/wp\/v2\/types\/page"}],"author":[{"embeddable":true,"href":"https:\/\/marysavondefleur.com\/fr\/wp-json\/wp\/v2\/users\/1"}],"replies":[{"embeddable":true,"href":"https:\/\/marysavondefleur.com\/fr\/wp-json\/wp\/v2\/comments?post=18"}],"version-history":[{"count":6,"href":"https:\/\/marysavondefleur.com\/fr\/wp-json\/wp\/v2\/pages\/18\/revisions"}],"predecessor-version":[{"id":467,"href":"https:\/\/marysavondefleur.com\/fr\/wp-json\/wp\/v2\/pages\/18\/revisions\/467"}],"wp:attachment":[{"href":"https:\/\/marysavondefleur.com\/fr\/wp-json\/wp\/v2\/media?parent=18"}],"curies":[{"name":"wp","href":"https:\/\/api.w.org\/{rel}","templated":true}]}}