{"id":234,"date":"2025-04-22T10:17:43","date_gmt":"2025-04-22T10:17:43","guid":{"rendered":"https:\/\/marysavondefleur.com\/?page_id=234"},"modified":"2025-04-22T10:51:35","modified_gmt":"2025-04-22T10:51:35","slug":"privacybeleid","status":"publish","type":"page","link":"https:\/\/marysavondefleur.com\/fr\/privacybeleid\/","title":{"rendered":"Politique de confidentialit\u00e9"},"content":{"rendered":"<section class=\"section\" id=\"section_77930588\">\n\t\t<div class=\"section-bg fill\" >\n\t\t\t\t\t\t\t\t\t\n\t\t\t\n\n\t\t<\/div>\n\n\t\t\n\n\t\t<div class=\"section-content relative\">\n\t\t\t\n\n<h1>Politique de confidentialit\u00e9<\/h1>\n\t<div id=\"gap-2133816796\" class=\"gap-element clearfix\" style=\"display:block; height:auto;\">\n\t\t\n<style>\n#gap-2133816796 {\n  padding-top: 30px;\n}\n<\/style>\n\t<\/div>\n\t\n\n<h2 class=\"\" data-start=\"590\" data-end=\"609\">1. Qui sommes-nous ?<\/h2>\n<p class=\"\" data-start=\"611\" data-end=\"810\"><strong data-start=\"611\" data-end=\"634\">Mary Savon de Fleur<\/strong><br data-start=\"634\" data-end=\"637\" \/>Gijsbrecht van Deurnelaan 61<br data-start=\"665\" data-end=\"668\" \/>2100 Anvers, Belgique<br data-start=\"690\" data-end=\"693\" \/>E-mail: <a rel=\"noopener\" data-start=\"701\" data-end=\"726\">info@marysavondefleur.com<\/a><br data-start=\"726\" data-end=\"729\" \/>T\u00e9l\u00e9phone: 0494 74.64.57<br data-start=\"752\" data-end=\"755\" \/>Num\u00e9ro d'entreprise : xxxxxxxxxx (num\u00e9ro de TVA en attente)<\/p>\n<hr class=\"\" data-start=\"812\" data-end=\"815\" \/>\n<h2 class=\"\" data-start=\"817\" data-end=\"861\">2. Quelles donn\u00e9es personnelles collectons-nous ?<\/h2>\n<p class=\"\" data-start=\"863\" data-end=\"1013\">Nous collectons uniquement les donn\u00e9es n\u00e9cessaires \u00e0 la bonne ex\u00e9cution de nos services et \u00e0 la satisfaction de nos clients. Il s'agit des donn\u00e9es suivantes :<\/p>\n<ul data-start=\"1015\" data-end=\"1293\">\n<li class=\"\" data-start=\"1015\" data-end=\"1041\">\n<p class=\"\" data-start=\"1017\" data-end=\"1041\">Pr\u00e9nom et nom<\/p>\n<\/li>\n<li class=\"\" data-start=\"1042\" data-end=\"1057\">\n<p class=\"\" data-start=\"1044\" data-end=\"1057\">Adresse email<\/p>\n<\/li>\n<li class=\"\" data-start=\"1058\" data-end=\"1088\">\n<p class=\"\" data-start=\"1060\" data-end=\"1088\">Num\u00e9ro de t\u00e9l\u00e9phone (facultatif)<\/p>\n<\/li>\n<li class=\"\" data-start=\"1089\" data-end=\"1136\">\n<p class=\"\" data-start=\"1091\" data-end=\"1136\">Coordonn\u00e9es (pour la livraison et la facturation)<\/p>\n<\/li>\n<li class=\"\" data-start=\"1137\" data-end=\"1155\">\n<p class=\"\" data-start=\"1139\" data-end=\"1155\">D\u00e9tails de la commande<\/p>\n<\/li>\n<li class=\"\" data-start=\"1156\" data-end=\"1209\">\n<p class=\"\" data-start=\"1158\" data-end=\"1209\">Informations de paiement (via des prestataires de paiement s\u00e9curis\u00e9s)<\/p>\n<\/li>\n<li class=\"\" data-start=\"1210\" data-end=\"1293\">\n<p class=\"\" data-start=\"1212\" data-end=\"1293\">Adresse IP et comportement de navigation (via des cookies et des outils statistiques tels que Google Analytics)<\/p>\n<\/li>\n<\/ul>\n<hr class=\"\" data-start=\"1295\" data-end=\"1298\" \/>\n<h2 class=\"\" data-start=\"1300\" data-end=\"1342\">3. Pourquoi collectons-nous ces donn\u00e9es ?<\/h2>\n<p class=\"\" data-start=\"1344\" data-end=\"1412\">Nous utilisons vos donn\u00e9es exclusivement aux fins suivantes :<\/p>\n<ul data-start=\"1414\" data-end=\"1811\">\n<li class=\"\" data-start=\"1414\" data-end=\"1462\">\n<p class=\"\" data-start=\"1416\" data-end=\"1462\">Traitement et envoi de votre commande<\/p>\n<\/li>\n<li class=\"\" data-start=\"1463\" data-end=\"1502\">\n<p class=\"\" data-start=\"1465\" data-end=\"1502\">Service client et suivi des questions<\/p>\n<\/li>\n<li class=\"\" data-start=\"1503\" data-end=\"1583\">\n<p class=\"\" data-start=\"1505\" data-end=\"1583\">\u00c9tablissement des factures et respect des obligations l\u00e9gales en mati\u00e8re de comptabilit\u00e9<\/p>\n<\/li>\n<li class=\"\" data-start=\"1584\" data-end=\"1660\">\n<p class=\"\" data-start=\"1586\" data-end=\"1660\">Envoi de newsletters ou d'e-mails marketing (uniquement avec votre autorisation)<\/p>\n<\/li>\n<li class=\"\" data-start=\"1661\" data-end=\"1725\">\n<p class=\"\" data-start=\"1663\" data-end=\"1725\">Analyse du comportement de navigation pour am\u00e9liorer notre boutique en ligne<\/p>\n<\/li>\n<li class=\"\" data-start=\"1726\" data-end=\"1811\">\n<p class=\"\" data-start=\"1728\" data-end=\"1811\">Respect des obligations l\u00e9gales (par exemple, dans le cadre de demandes gouvernementales)<\/p>\n<\/li>\n<\/ul>\n<hr class=\"\" data-start=\"1813\" data-end=\"1816\" \/>\n<h2 class=\"\" data-start=\"1818\" data-end=\"1859\">4. Combien de temps conservons-nous vos donn\u00e9es ?<\/h2>\n<p class=\"\" data-start=\"1861\" data-end=\"1915\">Nous ne conservons pas les donn\u00e9es personnelles plus longtemps que n\u00e9cessaire :<\/p>\n<ul data-start=\"1917\" data-end=\"2159\">\n<li class=\"\" data-start=\"1917\" data-end=\"1979\">\n<p class=\"\" data-start=\"1919\" data-end=\"1979\">Donn\u00e9es de facturation : minimum 7 ans (obligation l\u00e9gale de conservation)<\/p>\n<\/li>\n<li class=\"\" data-start=\"1980\" data-end=\"2047\">\n<p class=\"\" data-start=\"1982\" data-end=\"2047\">Donn\u00e9es client : maximum 5 ans apr\u00e8s la derni\u00e8re commande ou le dernier contact<\/p>\n<\/li>\n<li class=\"\" data-start=\"2048\" data-end=\"2088\">\n<p class=\"\" data-start=\"2050\" data-end=\"2088\">Donn\u00e9es de newsletter : jusqu'\u00e0 la d\u00e9sinscription<\/p>\n<\/li>\n<li class=\"\" data-start=\"2089\" data-end=\"2159\">\n<p class=\"\" data-start=\"2091\" data-end=\"2159\">Statistiques : anonymis\u00e9es et conserv\u00e9es aussi longtemps que n\u00e9cessaire \u00e0 des fins d'analyse<\/p>\n<\/li>\n<\/ul>\n<hr class=\"\" data-start=\"2161\" data-end=\"2164\" \/>\n<h2 class=\"\" data-start=\"2166\" data-end=\"2204\">5. Avec qui partageons-nous vos donn\u00e9es ?<\/h2>\n<p class=\"translation-block\" data-start=\"2206\" data-end=\"2343\">Nous ne transmettons pas vos donn\u00e9es \u00e0 des tiers, sauf si cela est n\u00e9cessaire \u00e0 nos services ou l\u00e9galement requis. Pensez \u00e0 :<\/p>\n<ul data-start=\"2345\" data-end=\"2550\">\n<li class=\"\" data-start=\"2345\" data-end=\"2379\">\n<p class=\"\" data-start=\"2347\" data-end=\"2379\"><strong data-start=\"2347\" data-end=\"2362\">WooCommerce<\/strong>: plateforme de boutique en ligne<\/p>\n<\/li>\n<li class=\"\" data-start=\"2380\" data-end=\"2452\">\n<p class=\"translation-block\" data-start=\"2382\" data-end=\"2452\"><strong data-start=\"2382\" data-end=\"2400\">Betaaldiensten<\/strong>: PayPal, WooCommerce Payments (en eventueel Stripe)<\/p>\n<\/li>\n<li class=\"\" data-start=\"2453\" data-end=\"2506\">\n<p class=\"translation-block\" data-start=\"2455\" data-end=\"2506\"><strong data-start=\"2455\" data-end=\"2468\">Mailchimp<\/strong>: voor het versturen van nieuwsbrieven<\/p>\n<\/li>\n<li class=\"\" data-start=\"2507\" data-end=\"2550\">\n<p class=\"\" data-start=\"2509\" data-end=\"2550\"><strong data-start=\"2509\" data-end=\"2529\">Google Analytics<\/strong>: pour l\u2019analyse de sites web<\/p>\n<\/li>\n<\/ul>\n<p class=\"\" data-start=\"2552\" data-end=\"2653\">Nous avons conclu des accords de traitement avec ces parties ou nous suivons leur politique conforme au RGPD.<\/p>\n<hr class=\"\" data-start=\"2655\" data-end=\"2658\" \/>\n<h2 class=\"\" data-start=\"2660\" data-end=\"2678\">6.Vos droits<\/h2>\n<p class=\"\" data-start=\"2680\" data-end=\"2704\">Vous avez toujours droit \u00e0 :<\/p>\n<ul data-start=\"2706\" data-end=\"2937\">\n<li class=\"\" data-start=\"2706\" data-end=\"2729\">\n<p class=\"\" data-start=\"2708\" data-end=\"2729\">L\u2019acc\u00e8s \u00e0 vos donn\u00e9es<\/p>\n<\/li>\n<li class=\"\" data-start=\"2730\" data-end=\"2763\">\n<p class=\"\" data-start=\"2732\" data-end=\"2763\">La rectification des donn\u00e9es incorrectes<\/p>\n<\/li>\n<li class=\"\" data-start=\"2764\" data-end=\"2839\">\n<p class=\"\" data-start=\"2766\" data-end=\"2839\">La suppression de vos donn\u00e9es (sauf obligation l\u00e9gale de conservation)<\/p>\n<\/li>\n<li class=\"\" data-start=\"2840\" data-end=\"2883\">\n<p class=\"\" data-start=\"2842\" data-end=\"2883\">La limitation ou l\u2019opposition au traitement<\/p>\n<\/li>\n<li class=\"\" data-start=\"2884\" data-end=\"2937\">\n<p class=\"\" data-start=\"2886\" data-end=\"2937\">Le transfert de vos donn\u00e9es \u00e0 un tiers<\/p>\n<\/li>\n<\/ul>\n<p class=\"translation-block\" data-start=\"2939\" data-end=\"3056\">Wil je een van deze rechten uitoefenen? Mail dan naar <strong data-start=\"2993\" data-end=\"3022\"><a rel=\"noopener\" data-start=\"2995\" data-end=\"3020\" target=\"_self\">info@marysavondefleur.com<\/a><\/strong> en wij reageren binnen de 24 uur.<\/p>\n<hr class=\"\" data-start=\"3058\" data-end=\"3061\" \/>\n<h2 class=\"\" data-start=\"3063\" data-end=\"3098\">7. S\u00e9curit\u00e9 de vos donn\u00e9es<\/h2>\n<p class=\"\" data-start=\"3100\" data-end=\"3312\">Nous prenons les mesures techniques et organisationnelles appropri\u00e9es pour prot\u00e9ger vos donn\u00e9es contre la perte, le vol ou l\u2019acc\u00e8s non autoris\u00e9. Notre boutique en ligne est s\u00e9curis\u00e9e par un certificat SSL (connexion https).<\/p>\n<hr class=\"\" data-start=\"3314\" data-end=\"3317\" \/>\n<h2 class=\"\" data-start=\"3319\" data-end=\"3344\">8. Utilisation des cookies<\/h2>\n<p class=\"\" data-start=\"3346\" data-end=\"3537\">Notre website utilise des cookies pour am\u00e9liorer l'exp\u00e9rience utilisateur et analyser le trafic via Google Analytics. Vous pouvez accepter ou refuser les cookies via la banni\u00e8re de cookies sur notre site web.<\/p>\n<p class=\"translation-block\" data-start=\"3539\" data-end=\"3582\">Meer info? Lees ons apart <strong data-start=\"3565\" data-end=\"3581\">cookiebeleid<\/strong>.<\/p>\n<hr class=\"\" data-start=\"3584\" data-end=\"3587\" \/>\n<h2 class=\"\" data-start=\"3589\" data-end=\"3609\">9. Limite d'\u00e2ge<\/h2>\n<p class=\"translation-block\" data-start=\"3611\" data-end=\"3745\">Nous ne collectons pas de donn\u00e9es aupr\u00e8s de personnes de moins de 13 ans, sauf autorisation d'un parent ou d'un tuteur l\u00e9gal.<\/p>\n<hr class=\"\" data-start=\"3747\" data-end=\"3750\" \/>\n<h2 class=\"\" data-start=\"3752\" data-end=\"3773\">10. Responsable<\/h2>\n<p class=\"translation-block\" data-start=\"3775\" data-end=\"3900\">Bij klachten over de verwerking van jouw gegevens kan je contact opnemen met de Belgische <strong data-start=\"3865\" data-end=\"3899\">Gegevensbeschermingsautoriteit<\/strong>:<\/p>\n<p class=\"\" data-start=\"3902\" data-end=\"4027\">l'Autorit\u00e9 belge de protection des donn\u00e9es :<br data-start=\"3932\" data-end=\"3935\" \/>Drukpersstraat 35, 1000 Brussel<br data-start=\"3966\" data-end=\"3969\" \/><a rel=\"noopener\" data-start=\"3969\" data-end=\"3987\">contact@apd-gba.be<\/a> | <a class=\"\" href=\"http:\/\/www.gegevensbeschermingsautoriteit.be\" target=\"_new\" rel=\"noopener\" data-start=\"3990\" data-end=\"4027\">www.gegevensbeschermingsautoriteit.be<\/a><\/p>\n<hr class=\"\" data-start=\"4029\" data-end=\"4032\" \/>\n<h2 class=\"\" data-start=\"4034\" data-end=\"4048\">11. Contact<\/h2>\n<p class=\"\" data-start=\"4050\" data-end=\"4177\">Vous avez des questions concernant cette politique de confidentialit\u00e9 ?<br data-start=\"4087\" data-end=\"4090\" \/>N'h\u00e9sitez pas \u00e0 envoyer un e-mail a <strong data-start=\"4120\" data-end=\"4149\"><a rel=\"noopener\" data-start=\"4122\" data-end=\"4147\">info@marysavondefleur.com<\/a><\/strong>nous ferons un plaisir de vous aider.<\/p>\n\n\t\t<\/div>\n\n\t\t\n<style>\n#section_77930588 {\n  padding-top: 30px;\n  padding-bottom: 30px;\n}\n<\/style>\n\t<\/section>","protected":false},"excerpt":{"rendered":"","protected":false},"author":1,"featured_media":0,"parent":0,"menu_order":0,"comment_status":"closed","ping_status":"closed","template":"","meta":{"footnotes":""},"class_list":["post-234","page","type-page","status-publish","hentry"],"jetpack_sharing_enabled":true,"_links":{"self":[{"href":"https:\/\/marysavondefleur.com\/fr\/wp-json\/wp\/v2\/pages\/234","targetHints":{"allow":["GET"]}}],"collection":[{"href":"https:\/\/marysavondefleur.com\/fr\/wp-json\/wp\/v2\/pages"}],"about":[{"href":"https:\/\/marysavondefleur.com\/fr\/wp-json\/wp\/v2\/types\/page"}],"author":[{"embeddable":true,"href":"https:\/\/marysavondefleur.com\/fr\/wp-json\/wp\/v2\/users\/1"}],"replies":[{"embeddable":true,"href":"https:\/\/marysavondefleur.com\/fr\/wp-json\/wp\/v2\/comments?post=234"}],"version-history":[{"count":6,"href":"https:\/\/marysavondefleur.com\/fr\/wp-json\/wp\/v2\/pages\/234\/revisions"}],"predecessor-version":[{"id":240,"href":"https:\/\/marysavondefleur.com\/fr\/wp-json\/wp\/v2\/pages\/234\/revisions\/240"}],"wp:attachment":[{"href":"https:\/\/marysavondefleur.com\/fr\/wp-json\/wp\/v2\/media?parent=234"}],"curies":[{"name":"wp","href":"https:\/\/api.w.org\/{rel}","templated":true}]}}