{"id":409,"date":"2025-05-06T18:47:02","date_gmt":"2025-05-06T18:47:02","guid":{"rendered":"https:\/\/marysavondefleur.com\/?page_id=409"},"modified":"2025-05-07T08:56:54","modified_gmt":"2025-05-07T08:56:54","slug":"occasions-speciales","status":"publish","type":"page","link":"https:\/\/marysavondefleur.com\/fr\/occasions-speciales\/","title":{"rendered":"Sp\u00e9ciales"},"content":{"rendered":"<section class=\"section dark\" id=\"section_984631759\">\n\t\t<div class=\"section-bg fill\" >\n\t\t\t<img loading=\"lazy\" decoding=\"async\" width=\"1024\" height=\"1024\" src=\"https:\/\/marysavondefleur.com\/wp-content\/uploads\/2025\/05\/speciale-gelegenheden-mary-savon-de-fleur.png\" class=\"bg attachment-1536x1536 size-1536x1536\" alt=\"speciale gelegenheden mary savon de fleur\" \/>\t\t\t\t\t\t<div class=\"section-bg-overlay absolute fill\"><\/div>\n\t\t\t\n\t<div class=\"is-border\"\n\t\tstyle=\"border-width:0px 2px 0px 0px;\">\n\t<\/div>\n\n\t\t<\/div>\n\n\t\t\n\n\t\t<div class=\"section-content relative\">\n\t\t\t\n\n<div class=\"row\"  id=\"row-1568911813\">\n\n\n\t<div id=\"col-1114307262\" class=\"col small-12 large-12\"  >\n\t\t\t\t<div class=\"col-inner\"  >\n\t\t\t\n\t\t\t\n\n\t<div id=\"gap-1626202248\" class=\"gap-element clearfix\" style=\"display:block; height:auto;\">\n\t\t\n<style>\n#gap-1626202248 {\n  padding-top: 30px;\n}\n<\/style>\n\t<\/div>\n\t\n\n\t<div id=\"text-4027736226\" class=\"text\">\n\t\t\n\n<h1 style=\"text-align: center;\">Occasions sp\u00e9ciales<\/h1>\n\t\t\n<style>\n#text-4027736226 {\n  font-size: 1.55rem;\n  line-height: 1.75;\n  text-align: center;\n}\n@media (min-width:550px) {\n  #text-4027736226 {\n    font-size: 1.75rem;\n  }\n}\n<\/style>\n\t<\/div>\n\t\n\n\t\t<\/div>\n\t\t\t\t\t<\/div>\n\n\t\n\n<\/div>\n\n\t\t<\/div>\n\n\t\t\n<style>\n#section_984631759 {\n  padding-top: 0px;\n  padding-bottom: 0px;\n  min-height: 350px;\n}\n#section_984631759 .section-bg-overlay {\n  background-color: rgba(0, 0, 0, 0.395);\n}\n#section_984631759 .section-bg img {\n  object-position: 7% 61%;\n}\n<\/style>\n\t<\/section>\n\t\n\n\t<section class=\"section\" id=\"section_783787534\">\n\t\t<div class=\"section-bg fill\" >\n\t\t\t\t\t\t\t\t\t\n\t\t\t\n\n\t\t<\/div>\n\n\t\t\n\n\t\t<div class=\"section-content relative\">\n\t\t\t\n\n<div class=\"row\"  id=\"row-1886361792\">\n\n\n\t<div id=\"col-926749018\" class=\"col small-12 large-12\"  >\n\t\t\t\t<div class=\"col-inner\"  >\n\t\t\t\n\t\t\t\n\n\t<div id=\"gap-2063354594\" class=\"gap-element clearfix\" style=\"display:block; height:auto;\">\n\t\t\n<style>\n#gap-2063354594 {\n  padding-top: 30px;\n}\n<\/style>\n\t<\/div>\n\t\n\n\t<div id=\"stack-3746279615\" class=\"stack stack-row justify-between items-stretch\">\n\t\t\n\n\t<div id=\"text-3821323674\" class=\"text\">\n\t\t\n\n<h3>Des cadeaux uniques pour des occasions sp\u00e9ciales<\/h3>\n\t\t\n<style>\n#text-3821323674 {\n  font-size: 1.5rem;\n  line-height: 0.75;\n  text-align: left;\n}\n@media (min-width:550px) {\n  #text-3821323674 {\n    font-size: 1.7rem;\n  }\n}\n<\/style>\n\t<\/div>\n\t\n\n\t\t\n<style>\n#stack-3746279615 > * {\n  --stack-gap: 0rem;\n}\n<\/style>\n\t<\/div>\n\t\n\n\t\t<\/div>\n\t\t\t\t\t<\/div>\n\n\t\n\n<\/div>\n<div class=\"row row-large\"  id=\"row-343740144\">\n\n\n\t<div id=\"col-1979516038\" class=\"col medium-6 small-12 large-6\"  >\n\t\t\t\t<div class=\"col-inner\"  >\n\t\t\t\n\t\t\t\n\n<h3 class=\"\" data-start=\"431\" data-end=\"468\">\ud83c\udf3f Savon artisanal avec une histoire personnelle<\/h3>\n<p class=\"\" data-start=\"481\" data-end=\"735\">Au <em data-start=\"485\" data-end=\"506\">Mary Savon De Fleur<\/em> nous pensons que le vrai luxe r\u00e9side dans la simplicit\u00e9, la puret\u00e9 et l'attention. Nos savons naturels faits \u00e0 la main ne sont pas seulement une caresse pour la peau, mais aussi un cadeau magnifique et significatif pour les moments sp\u00e9ciaux de la vie.<\/p>\n<p class=\"\" data-start=\"737\" data-end=\"959\">Vous cherchez un cadeau \u00e9l\u00e9gant, durable et personnalis\u00e9 pour un mariage, un anniversaire, un cadeau d'entreprise ou d'employ\u00e9 ? D\u00e9couvrez notre collection de savons - chacun d'entre eux est unique, raffin\u00e9 et fabriqu\u00e9 avec amour.<\/p>\n<hr class=\"\" data-start=\"961\" data-end=\"964\" \/>\n<h2 class=\"\" data-start=\"966\" data-end=\"1024\">Pourquoi choisir Mary Savon De Fleur comme cadeau ?<\/h2>\n<h3 class=\"\" data-start=\"1026\" data-end=\"1059\">Un geste \u00e9l\u00e9gant qui a de la substance<\/h3>\n<p class=\"\" data-start=\"1061\" data-end=\"1405\">Nos savons sont plus qu'un simple produit de soin. Ils racontent une histoire d'artisanat, d'ingr\u00e9dients naturels et de simplicit\u00e9 raffin\u00e9e. Chaque savon est fabriqu\u00e9 \u00e0 la main, \u00e0 partir d'ingr\u00e9dients naturels, et comporte une gravure \u00e9l\u00e9gante : le logo signature \"Mary Savon De Fleur\", subtil comme un tampon au c\u0153ur du savon.<\/p>\n<p class=\"\" data-start=\"1407\" data-end=\"1460\">Cette apparence rend nos savons parfaits comme :<\/p>\n<ul data-start=\"1462\" data-end=\"1661\">\n<li class=\"\" data-start=\"1462\" data-end=\"1487\">\n<p class=\"\" data-start=\"1464\" data-end=\"1487\">\ud83d\udc8d <strong data-start=\"1467\" data-end=\"1485\">Remerciements pour le mariage<\/strong><\/p>\n<\/li>\n<li class=\"\" data-start=\"1488\" data-end=\"1520\">\n<p class=\"\" data-start=\"1490\" data-end=\"1520\">\ud83c\udf89 <strong data-start=\"1493\" data-end=\"1518\">Cadeaux d'anniversaire<\/strong><\/p>\n<\/li>\n<li class=\"\" data-start=\"1521\" data-end=\"1562\">\n<p class=\"\" data-start=\"1523\" data-end=\"1562\">\ud83d\udcbc <strong data-start=\"1526\" data-end=\"1560\">Cadeaux promotionnels pour les clients<\/strong><\/p>\n<\/li>\n<li class=\"\" data-start=\"1563\" data-end=\"1612\">\n<p class=\"\" data-start=\"1565\" data-end=\"1612\">\ud83e\udd1d <strong data-start=\"1568\" data-end=\"1610\">Remerciements pour les coll\u00e8gues ou les employ\u00e9s<\/strong><\/p>\n<\/li>\n<li class=\"\" data-start=\"1613\" data-end=\"1661\">\n<p class=\"\" data-start=\"1615\" data-end=\"1661\">\ud83c\udf38 <strong data-start=\"1618\" data-end=\"1661\">Souvenir de f\u00eate de b\u00e9b\u00e9 ou de bapt\u00eame<\/strong><\/p>\n<\/li>\n<\/ul>\n<p class=\"\" data-start=\"1663\" data-end=\"1749\">Vous n'offrez pas seulement un savon - vous offrez un moment de douceur, d'attention et de paix.<\/p>\n<hr class=\"\" data-start=\"1751\" data-end=\"1754\" \/>\n<h2 class=\"\" data-start=\"1756\" data-end=\"1795\">La nature \u00e0 l'\u00e9tat pur, durable et \u00e9l\u00e9gante<\/h2>\n<h3 class=\"\" data-start=\"1797\" data-end=\"1829\">Nos savons sont fabriqu\u00e9s avec :<\/h3>\n<ul data-start=\"1831\" data-end=\"2052\">\n<li class=\"\" data-start=\"1831\" data-end=\"1864\">\n<p class=\"\" data-start=\"1833\" data-end=\"1864\">100% ingr\u00e9dients naturels<\/p>\n<\/li>\n<li class=\"\" data-start=\"1865\" data-end=\"1917\">\n<p class=\"\" data-start=\"1867\" data-end=\"1917\">Fleurs cueillies \u00e0 la main telles que le calendula\u00a0<\/p>\n<\/li>\n<li class=\"\" data-start=\"1918\" data-end=\"1989\">\n<p class=\"\" data-start=\"1920\" data-end=\"1989\">Argiles naturelles telles que l'argile jaune et le charbon actif de bambou<\/p>\n<\/li>\n<li class=\"\" data-start=\"1990\" data-end=\"2052\">\n<p class=\"\" data-start=\"1992\" data-end=\"2052\">Des huiles v\u00e9g\u00e9tales qui nourrissent la peau sans la dess\u00e9cher<\/p>\n<\/li>\n<\/ul>\n<p class=\"\" data-start=\"2054\" data-end=\"2201\">Nous n'utilisons ni parab\u00e8nes, ni sulfates, ni parfums synth\u00e9tiques. Nos savons conviennent donc \u00e0 tous les types de peau, m\u00eame les plus sensibles.<\/p>\n<p class=\"\" data-start=\"2203\" data-end=\"2360\">Chaque savon est fabriqu\u00e9 avec soin et pr\u00e9cision en petites s\u00e9ries. Par cons\u00e9quent, il n'y a pas deux pi\u00e8ces identiques, et c'est pr\u00e9cis\u00e9ment ce qui les rend si sp\u00e9ciaux en tant que cadeaux.<\/p>\n\n\t\t<\/div>\n\t\t\t\t\t<\/div>\n\n\t\n\n\t<div id=\"col-845607726\" class=\"col medium-6 small-12 large-6\"  >\n\t\t\t\t<div class=\"col-inner\"  >\n\t\t\t\n\t\t\t\n\n<h2 class=\"\" data-start=\"2367\" data-end=\"2417\">\u2728 Personnalisez votre savon pour l'occasion<\/h2>\n<p class=\"\" data-start=\"2419\" data-end=\"2490\">Vous souhaitez rendre vos cadeaux encore plus personnels ? Nous vous proposons sur demande :<\/p>\n<ul data-start=\"2492\" data-end=\"2693\">\n<li class=\"\" data-start=\"2492\" data-end=\"2533\">\n<p class=\"\" data-start=\"2494\" data-end=\"2533\"><strong data-start=\"2494\" data-end=\"2531\">Un emballage unique dans votre style<\/strong><\/p>\n<\/li>\n<li class=\"\" data-start=\"2534\" data-end=\"2587\">\n<p class=\"\" data-start=\"2536\" data-end=\"2587\"><strong data-start=\"2536\" data-end=\"2585\">\u00c9tiquettes ou cartes avec votre logo ou message<\/strong><\/p>\n<\/li>\n<li class=\"\" data-start=\"2588\" data-end=\"2640\">\n<p class=\"\" data-start=\"2590\" data-end=\"2640\"><strong data-start=\"2590\" data-end=\"2638\">Savons de formes, de couleurs et de parfums vari\u00e9s<\/strong><\/p>\n<\/li>\n<li class=\"\" data-start=\"2641\" data-end=\"2693\">\n<p class=\"\" data-start=\"2643\" data-end=\"2693\"><strong data-start=\"2643\" data-end=\"2693\">Coffrets cadeaux avec plusieurs savons ou accessoires<\/strong><\/p>\n<\/li>\n<\/ul>\n<p class=\"\" data-start=\"2695\" data-end=\"2772\">Ainsi, chaque cadeau devient une extension de votre marque, de votre moment ou de votre histoire.<\/p>\n<hr class=\"\" data-start=\"2774\" data-end=\"2777\" \/>\n<h2 class=\"\" data-start=\"2779\" data-end=\"2818\">Id\u00e9es pour les occasions sp\u00e9ciales<\/h2>\n<h3 class=\"\" data-start=\"2820\" data-end=\"2834\">F\u00eate de mariage<\/h3>\n<p class=\"\" data-start=\"2836\" data-end=\"2974\">Laissez vos invit\u00e9s se souvenir de votre journ\u00e9e avec un savon joliment grav\u00e9, envelopp\u00e9 dans du papier de soie et portant vos noms ou votre date de mariage.<\/p>\n<h3 class=\"\" data-start=\"2976\" data-end=\"2995\">Cadeau d'affaires<\/h3>\n<p class=\"\" data-start=\"2997\" data-end=\"3145\">Surprenez vos clients ou partenaires avec un cadeau durable et \u00e9l\u00e9gant qui se distingue des autres cadeaux. Ajoutez une carte de remerciement ou le logo de votre entreprise.<\/p>\n<h3 class=\"\" data-start=\"3147\" data-end=\"3161\">Anniversaire<\/h3>\n<p class=\"\" data-start=\"3163\" data-end=\"3301\">Un cadeau original et parfum\u00e9, un peu plus sp\u00e9cial qu'une bouteille de vin ou un bouquet de fleurs. Nos savons sont \u00e9galement disponibles en mini-sets.<\/p>\n<h3 class=\"\" data-start=\"3303\" data-end=\"3325\">Cadeau du salari\u00e9<\/h3>\n<p class=\"\" data-start=\"3327\" data-end=\"3472\">Remerciez votre \u00e9quipe en lui offrant quelque chose qu'elle utilisera vraiment. Un petit luxe pour la maison, dans une bo\u00eete \u00e9l\u00e9gante - parfait pour les cadeaux de fin d'ann\u00e9e ou les anniversaires.<\/p>\n<hr class=\"\" data-start=\"3474\" data-end=\"3477\" \/>\n<h2 class=\"\" data-start=\"3479\" data-end=\"3528\">Commande sur mesure ? Prenez contact avec nous !<\/h2>\n<p class=\"\" data-start=\"3530\" data-end=\"3716\">Vous souhaitez passer une commande pour une occasion sp\u00e9ciale ou vous avez des exigences particuli\u00e8res ?<br data-start=\"3619\" data-end=\"3622\" \/>Pour les cadeaux personnalis\u00e9s ou les grandes quantit\u00e9s, nous nous ferons un plaisir de vous aider personnellement.<\/p>\n<p class=\"\" data-start=\"3718\" data-end=\"3846\"><strong data-start=\"3721\" data-end=\"3774\">Contactez-nous via la page de contact<\/strong> Et faites-nous part de vos id\u00e9es.<br data-start=\"3805\" data-end=\"3808\" \/>Ensemble, nous en ferons quelque chose de sp\u00e9cial !<\/p>\n<a href=\"https:\/\/marysavondefleur.com\/fr\/contact\/\" class=\"button secondary\" style=\"border-radius:5px;\">\n\t\t<span>contact<\/span>\n\t<\/a>\n\n\n\n\t\t<\/div>\n\t\t\t\t\t<\/div>\n\n\t\n\n<\/div>\n\n\t\t<\/div>\n\n\t\t\n<style>\n#section_783787534 {\n  padding-top: 50px;\n  padding-bottom: 50px;\n  background-color: rgb(255, 255, 255);\n}\n<\/style>\n\t<\/section>\n\t\n            <div class=\"row\"><div class=\"large-12 col\">\n          <div style=\"background-color:#FFF;\" class=\"slider flipContainer slider-nav-circle slide box-shadow-2\"\n            data-flickity-options='{              \"cellAlign\": \"center\",              \"wrapAround\": true,              \"percentPosition\": true,              \"imagesLoaded\": true,              \"pageDots\": true,              \"contain\": true          }'>\n                        <div class=\"slide\" style=\"background-color:#FFF;\">  <div class=\"row row-collapse align-middle flip-slide\" style=\"width:100%\">\n        <div class=\"large-6 col flip-page-one\">\n        <div class=\"featured-product col-inner\">\n          <a href=\"https:\/\/marysavondefleur.com\/fr\/kurkuma-zeep\/\">\n                <div class=\"product-image relative\">\n                   <div class=\"front-image\">\n                    <img loading=\"lazy\" decoding=\"async\" width=\"600\" height=\"400\" src=\"https:\/\/marysavondefleur.com\/wp-content\/uploads\/2025\/04\/kurkuma-zeep-600x400.png\" class=\"attachment-woocommerce_single size-woocommerce_single wp-post-image\" alt=\"Kurkuma zeep met oranjebloesem en kokosolie voor zuivere huidverzorging\" srcset=\"https:\/\/marysavondefleur.com\/wp-content\/uploads\/2025\/04\/kurkuma-zeep-600x400.png 600w, https:\/\/marysavondefleur.com\/wp-content\/uploads\/2025\/04\/kurkuma-zeep-300x200.png 300w, https:\/\/marysavondefleur.com\/wp-content\/uploads\/2025\/04\/kurkuma-zeep-1024x683.png 1024w, https:\/\/marysavondefleur.com\/wp-content\/uploads\/2025\/04\/kurkuma-zeep-768x512.png 768w, https:\/\/marysavondefleur.com\/wp-content\/uploads\/2025\/04\/kurkuma-zeep.png 1536w\" sizes=\"auto, (max-width: 600px) 100vw, 600px\" \/>                  <\/div>\n                  \n<div class=\"badge-container absolute left top z-1\">\n\n<\/div>\n                <\/div>\n          <\/a>\n        <\/div>\n        <\/div>\n       <div class=\"large-6 col flip-page-two\">\n        <div class=\"product-info col-inner inner-padding\">\n              <h1 class=\"entry-title\"><a href=\"https:\/\/marysavondefleur.com\/fr\/kurkuma-zeep\/\">Curcuma<\/a><\/h1>\n              <div class=\"is-divider medium\"><\/div>\n              <div class=\"price-wrapper\">\n\t<p class=\"price product-page-price\">\n  <span class=\"woocommerce-Price-amount amount\"><bdi><span class=\"woocommerce-Price-currencySymbol\">\u20ac<\/span>&nbsp;16,45<\/bdi><\/span><\/p>\n<\/div>\n<div class=\"product-short-description\">\n\t<p>Le curcuma est un \u00e9l\u00e9ment puissant de la nature depuis des si\u00e8cles, et maintenant dans ce savon luxueux aussi ! Ses propri\u00e9t\u00e9s antibact\u00e9riennes et anti-inflammatoires font de ce savon un must pour les personnes ayant une peau \u00e0 imperfections. Le curcuma apaise, prot\u00e8ge et peut aider \u00e0 r\u00e9duire les rougeurs et l'acn\u00e9. L'huile de fleur d'oranger donne au savon un parfum merveilleux, tandis que la combinaison d'huile de noix de coco et de vitamine E nourrit intens\u00e9ment et r\u00e9pare votre peau.<\/p>\n<\/div>\n<div class=\"product_meta\">\n\n\t\n\t\n\t<span class=\"posted_in\">Cat\u00e9gorie : <a href=\"https:\/\/marysavondefleur.com\/fr\/nos-savons\/\" rel=\"tag\">Nos savons<\/a><\/span>\n\t<span class=\"tagged_as\">Tag : <a href=\"https:\/\/marysavondefleur.com\/fr\/product-tag\/savons\/\" rel=\"tag\">savons<\/a><\/span>\n\t\n<\/div>\n              <a href=\"https:\/\/marysavondefleur.com\/fr\/kurkuma-zeep\/\" class=\"button\" data-no-translation=\"\" data-trp-gettext=\"\">En savoir plus<\/a>\n         <\/div>\n        <\/div>\n<\/div>\n<\/div>\n                        <div class=\"slide\" style=\"background-color:#FFF;\">  <div class=\"row row-collapse align-middle flip-slide\" style=\"width:100%\">\n        <div class=\"large-6 col flip-page-one\">\n        <div class=\"featured-product col-inner\">\n          <a href=\"https:\/\/marysavondefleur.com\/fr\/kokosnoot-houtskool-zeep\/\">\n                <div class=\"product-image relative\">\n                   <div class=\"front-image\">\n                    <img loading=\"lazy\" decoding=\"async\" width=\"600\" height=\"400\" src=\"https:\/\/marysavondefleur.com\/wp-content\/uploads\/2025\/04\/zeep-setting-houtskool-coconuts-600x400.png\" class=\"attachment-woocommerce_single size-woocommerce_single wp-post-image\" alt=\"Kokosnoot houtskool zeepreiniging\" srcset=\"https:\/\/marysavondefleur.com\/wp-content\/uploads\/2025\/04\/zeep-setting-houtskool-coconuts-600x400.png 600w, https:\/\/marysavondefleur.com\/wp-content\/uploads\/2025\/04\/zeep-setting-houtskool-coconuts-300x200.png 300w, https:\/\/marysavondefleur.com\/wp-content\/uploads\/2025\/04\/zeep-setting-houtskool-coconuts-1024x683.png 1024w, https:\/\/marysavondefleur.com\/wp-content\/uploads\/2025\/04\/zeep-setting-houtskool-coconuts-768x512.png 768w, https:\/\/marysavondefleur.com\/wp-content\/uploads\/2025\/04\/zeep-setting-houtskool-coconuts.png 1536w\" sizes=\"auto, (max-width: 600px) 100vw, 600px\" \/>                  <\/div>\n                  \n<div class=\"badge-container absolute left top z-1\">\n<div class=\"callout badge badge-circle\"><div class=\"badge-inner secondary on-sale\"><span class=\"onsale\" data-no-translation=\"\" data-trp-gettext=\"\">Promo\u00a0!<\/span><\/div><\/div>\n<\/div>\n                <\/div>\n          <\/a>\n        <\/div>\n        <\/div>\n       <div class=\"large-6 col flip-page-two\">\n        <div class=\"product-info col-inner inner-padding\">\n              <h1 class=\"entry-title\"><a href=\"https:\/\/marysavondefleur.com\/fr\/kokosnoot-houtskool-zeep\/\">Noix de coco et charbon de bois<\/a><\/h1>\n              <div class=\"is-divider medium\"><\/div>\n              <div class=\"price-wrapper\">\n\t<p class=\"price product-page-price price-on-sale\">\n  <del aria-hidden=\"true\"><span class=\"woocommerce-Price-amount amount\"><bdi><span class=\"woocommerce-Price-currencySymbol\">\u20ac<\/span>&nbsp;16,45<\/bdi><\/span><\/del> <span class=\"screen-reader-text\" data-no-translation=\"\" data-trp-gettext=\"\">Le prix initial \u00e9tait\u00a0: &euro;&nbsp;16,45.<\/span><ins aria-hidden=\"true\"><span class=\"woocommerce-Price-amount amount\"><bdi><span class=\"woocommerce-Price-currencySymbol\">\u20ac<\/span>&nbsp;12,95<\/bdi><\/span><\/ins><span class=\"screen-reader-text\" data-no-translation=\"\" data-trp-gettext=\"\">Le prix actuel est\u00a0: &euro;&nbsp;12,95.<\/span><\/p>\n<\/div>\n<div class=\"product-short-description\">\n\t<p>Deze Kokosnoot Houtskool Zeep diepe reiniger is perfect voor de vette of gecombineerde huid. De actieve houtskool trekt onzuiverheden en overtollig talg aan als een magneet, waardoor puistjes minder kans krijgen. Kokosolie en abrikozenpitolie verzachten en hydrateren tegelijk. Het resultaat? Een frisse, zuivere huid met een natuurlijke glow \u2013 zonder agressieve chemicali\u00ebn.<\/p>\n<\/div>\n<div class=\"product_meta\">\n\n\t\n\t\n\t<span class=\"posted_in\">Cat\u00e9gorie : <a href=\"https:\/\/marysavondefleur.com\/fr\/nos-savons\/\" rel=\"tag\">Nos savons<\/a><\/span>\n\t<span class=\"tagged_as\">Tag : <a href=\"https:\/\/marysavondefleur.com\/fr\/product-tag\/savons\/\" rel=\"tag\">savons<\/a><\/span>\n\t\n<\/div>\n              <a href=\"https:\/\/marysavondefleur.com\/fr\/kokosnoot-houtskool-zeep\/\" class=\"button\" data-no-translation=\"\" data-trp-gettext=\"\">En savoir plus<\/a>\n         <\/div>\n        <\/div>\n<\/div>\n<\/div>\n                        <div class=\"slide\" style=\"background-color:#FFF;\">  <div class=\"row row-collapse align-middle flip-slide\" style=\"width:100%\">\n        <div class=\"large-6 col flip-page-one\">\n        <div class=\"featured-product col-inner\">\n          <a href=\"https:\/\/marysavondefleur.com\/fr\/bissap-zeep\/\">\n                <div class=\"product-image relative\">\n                   <div class=\"front-image\">\n                    <img loading=\"lazy\" decoding=\"async\" width=\"600\" height=\"400\" src=\"https:\/\/marysavondefleur.com\/wp-content\/uploads\/2025\/04\/Bissap-mary-savond-de-fleur-setting-600x400.png\" class=\"attachment-woocommerce_single size-woocommerce_single wp-post-image\" alt=\"Bissap zeep met hibiscus en macadamia voor een zachte, stralende huid\" srcset=\"https:\/\/marysavondefleur.com\/wp-content\/uploads\/2025\/04\/Bissap-mary-savond-de-fleur-setting-600x400.png 600w, https:\/\/marysavondefleur.com\/wp-content\/uploads\/2025\/04\/Bissap-mary-savond-de-fleur-setting-300x200.png 300w, https:\/\/marysavondefleur.com\/wp-content\/uploads\/2025\/04\/Bissap-mary-savond-de-fleur-setting-1024x683.png 1024w, https:\/\/marysavondefleur.com\/wp-content\/uploads\/2025\/04\/Bissap-mary-savond-de-fleur-setting-768x512.png 768w, https:\/\/marysavondefleur.com\/wp-content\/uploads\/2025\/04\/Bissap-mary-savond-de-fleur-setting-18x12.png 18w, https:\/\/marysavondefleur.com\/wp-content\/uploads\/2025\/04\/Bissap-mary-savond-de-fleur-setting.png 1536w\" sizes=\"auto, (max-width: 600px) 100vw, 600px\" \/>                  <\/div>\n                  \n<div class=\"badge-container absolute left top z-1\">\n\n<\/div>\n                <\/div>\n          <\/a>\n        <\/div>\n        <\/div>\n       <div class=\"large-6 col flip-page-two\">\n        <div class=\"product-info col-inner inner-padding\">\n              <h1 class=\"entry-title\"><a href=\"https:\/\/marysavondefleur.com\/fr\/bissap-zeep\/\">Bissap<\/a><\/h1>\n              <div class=\"is-divider medium\"><\/div>\n              <div class=\"price-wrapper\">\n\t<p class=\"price product-page-price\">\n  <span class=\"woocommerce-Price-amount amount\"><bdi><span class=\"woocommerce-Price-currencySymbol\">\u20ac<\/span>&nbsp;16,45<\/bdi><\/span><\/p>\n<\/div>\n<div class=\"product-short-description\">\n\t<p>Riche en antioxydants et dot\u00e9 d'une touche exotique, notre savon au bissap est un soin naturel aux multiples bienfaits. Hydratant, adoucissant et \u00e9clatant de sant\u00e9 gr\u00e2ce \u00e0 l'association de poudre d'hibiscus et d'huiles nourrissantes, il laisse la peau douce et soyeuse. L'huile de macadamia offre un fini velout\u00e9. Id\u00e9al pour les amateurs de soins naturels avec une touche de luxe tropical.<\/p>\n<\/div>\n<div class=\"product_meta\">\n\n\t\n\t\n\t<span class=\"posted_in\">Cat\u00e9gorie : <a href=\"https:\/\/marysavondefleur.com\/fr\/nos-savons\/\" rel=\"tag\">Nos savons<\/a><\/span>\n\t<span class=\"tagged_as\">Tag : <a href=\"https:\/\/marysavondefleur.com\/fr\/product-tag\/savons\/\" rel=\"tag\">savons<\/a><\/span>\n\t\n<\/div>\n              <a href=\"https:\/\/marysavondefleur.com\/fr\/bissap-zeep\/\" class=\"button\" data-no-translation=\"\" data-trp-gettext=\"\">En savoir plus<\/a>\n         <\/div>\n        <\/div>\n<\/div>\n<\/div>\n                        <div class=\"slide\" style=\"background-color:#FFF;\">  <div class=\"row row-collapse align-middle flip-slide\" style=\"width:100%\">\n        <div class=\"large-6 col flip-page-one\">\n        <div class=\"featured-product col-inner\">\n          <a href=\"https:\/\/marysavondefleur.com\/fr\/moringa-zeep\/\">\n                <div class=\"product-image relative\">\n                   <div class=\"front-image\">\n                    <img loading=\"lazy\" decoding=\"async\" width=\"600\" height=\"400\" src=\"https:\/\/marysavondefleur.com\/wp-content\/uploads\/2025\/04\/zeepje-moringa-600x400.png\" class=\"attachment-woocommerce_single size-woocommerce_single wp-post-image\" alt=\"Moringa zeep met natuurlijke oli\u00ebn voor voedende en verjongende huidverzorging\" srcset=\"https:\/\/marysavondefleur.com\/wp-content\/uploads\/2025\/04\/zeepje-moringa-600x400.png 600w, https:\/\/marysavondefleur.com\/wp-content\/uploads\/2025\/04\/zeepje-moringa-300x200.png 300w, https:\/\/marysavondefleur.com\/wp-content\/uploads\/2025\/04\/zeepje-moringa-1024x683.png 1024w, https:\/\/marysavondefleur.com\/wp-content\/uploads\/2025\/04\/zeepje-moringa-768x512.png 768w, https:\/\/marysavondefleur.com\/wp-content\/uploads\/2025\/04\/zeepje-moringa.png 1536w\" sizes=\"auto, (max-width: 600px) 100vw, 600px\" \/>                  <\/div>\n                  \n<div class=\"badge-container absolute left top z-1\">\n\n<\/div>\n                <\/div>\n          <\/a>\n        <\/div>\n        <\/div>\n       <div class=\"large-6 col flip-page-two\">\n        <div class=\"product-info col-inner inner-padding\">\n              <h1 class=\"entry-title\"><a href=\"https:\/\/marysavondefleur.com\/fr\/moringa-zeep\/\">Moringa<\/a><\/h1>\n              <div class=\"is-divider medium\"><\/div>\n              <div class=\"price-wrapper\">\n\t<p class=\"price product-page-price\">\n  <span class=\"woocommerce-Price-amount amount\"><bdi><span class=\"woocommerce-Price-currencySymbol\">\u20ac<\/span>&nbsp;16,45<\/bdi><\/span><\/p>\n<\/div>\n<div class=\"product-short-description\">\n\t<p>Le moringa, la plante miracle de la nature, fait des merveilles pour la peau. La poudre de moringa nourrissante aide \u00e0 rajeunir la peau et la prot\u00e8ge contre les effets nocifs des radicaux libres. Le beurre de karit\u00e9 assure une hydratation intensive, tandis que l'huile d'amande adoucit la peau et l'\u00e9quilibre. Ce savon est parfait pour les peaux s\u00e8ches \u00e0 la recherche d'un coup de pouce naturel qui les aide \u00e0 retrouver l'\u00e9clat de la jeunesse.<\/p>\n<\/div>\n<div class=\"product_meta\">\n\n\t\n\t\n\t<span class=\"posted_in\">Cat\u00e9gorie : <a href=\"https:\/\/marysavondefleur.com\/fr\/nos-savons\/\" rel=\"tag\">Nos savons<\/a><\/span>\n\t<span class=\"tagged_as\">Tag : <a href=\"https:\/\/marysavondefleur.com\/fr\/product-tag\/savons\/\" rel=\"tag\">savons<\/a><\/span>\n\t\n<\/div>\n              <a href=\"https:\/\/marysavondefleur.com\/fr\/moringa-zeep\/\" class=\"button\" data-no-translation=\"\" data-trp-gettext=\"\">En savoir plus<\/a>\n         <\/div>\n        <\/div>\n<\/div>\n<\/div>\n                    <\/div>\n          <\/div><\/div>\n          \n\n\n\n\n<p><\/p>","protected":false},"excerpt":{"rendered":"","protected":false},"author":1,"featured_media":0,"parent":0,"menu_order":0,"comment_status":"closed","ping_status":"closed","template":"","meta":{"footnotes":""},"class_list":["post-409","page","type-page","status-publish","hentry"],"jetpack_sharing_enabled":true,"_links":{"self":[{"href":"https:\/\/marysavondefleur.com\/fr\/wp-json\/wp\/v2\/pages\/409","targetHints":{"allow":["GET"]}}],"collection":[{"href":"https:\/\/marysavondefleur.com\/fr\/wp-json\/wp\/v2\/pages"}],"about":[{"href":"https:\/\/marysavondefleur.com\/fr\/wp-json\/wp\/v2\/types\/page"}],"author":[{"embeddable":true,"href":"https:\/\/marysavondefleur.com\/fr\/wp-json\/wp\/v2\/users\/1"}],"replies":[{"embeddable":true,"href":"https:\/\/marysavondefleur.com\/fr\/wp-json\/wp\/v2\/comments?post=409"}],"version-history":[{"count":10,"href":"https:\/\/marysavondefleur.com\/fr\/wp-json\/wp\/v2\/pages\/409\/revisions"}],"predecessor-version":[{"id":442,"href":"https:\/\/marysavondefleur.com\/fr\/wp-json\/wp\/v2\/pages\/409\/revisions\/442"}],"wp:attachment":[{"href":"https:\/\/marysavondefleur.com\/fr\/wp-json\/wp\/v2\/media?parent=409"}],"curies":[{"name":"wp","href":"https:\/\/api.w.org\/{rel}","templated":true}]}}